{"id":72652,"date":"2022-10-17T17:53:17","date_gmt":"2022-10-17T15:53:17","guid":{"rendered":"https:\/\/corsishop.com\/?post_type=product&#038;p=72652"},"modified":"2024-02-17T11:49:11","modified_gmt":"2024-02-17T10:49:11","slug":"john-smedley-lundy-charcoal","status":"publish","type":"product","link":"https:\/\/corsishop.com\/it\/uomo\/john-smedley-lundy-charcoal\/","title":{"rendered":"John Smedley Lundy Charcoal"},"content":{"rendered":"","protected":false},"excerpt":{"rendered":"<p>John Smedley Lundy Charcoal,<\/p>\n<p>Sapientemente realizzato in 100% lana merino extra fine, Lundy \u00e8 il classico pullover da uomo girocollo. Questa maglia leggera \u00e8 un capo a strati idilliaco e pu\u00f2 essere indossata sopra una camicia dal colletto affilato per un sofisticato abbigliamento da ufficio. Finemente realizzato per la vestibilit\u00e0 standard dei clienti John Smedley, questo pullover in lana pu\u00f2 essere indossato anche da solo per creare una silhouette aderente alla pelle.<\/p>\n","protected":false},"featured_media":72666,"template":"","meta":[],"pwb-brand":[1440],"product_cat":[68,73],"product_tag":[1444,816],"yoast_head":"<!-- This site is optimized with the Yoast SEO plugin v20.5 - https:\/\/yoast.com\/wordpress\/plugins\/seo\/ -->\n<title>John Smedley Lundy Charcoal | John Smedley | Corsi Shop<\/title>\n<meta name=\"description\" content=\"John Smedley Lundy Charcoal, \u20ac\u00a0240,00. -10% Sconto Newsletter. Spedizione Express 24\/48h. Guarda la collezione su www.corsishop.com\" \/>\n<meta name=\"robots\" content=\"index, follow, max-snippet:-1, max-image-preview:large, max-video-preview:-1\" \/>\n<link rel=\"canonical\" href=\"https:\/\/corsishop.com\/it\/uomo\/john-smedley-lundy-charcoal\/\" \/>\n<meta property=\"og:locale\" content=\"en_US\" \/>\n<meta property=\"og:type\" content=\"article\" \/>\n<meta property=\"og:title\" content=\"John Smedley Lundy Charcoal | John Smedley | Corsi Shop\" \/>\n<meta property=\"og:description\" content=\"John Smedley Lundy Charcoal, \u20ac\u00a0240,00. -10% Sconto Newsletter. Spedizione Express 24\/48h. Guarda la collezione su www.corsishop.com\" \/>\n<meta property=\"og:url\" content=\"https:\/\/corsishop.com\/it\/uomo\/john-smedley-lundy-charcoal\/\" \/>\n<meta property=\"og:site_name\" content=\"Corsi Shop\" \/>\n<meta property=\"article:publisher\" content=\"https:\/\/www.facebook.com\/Corsishop\" \/>\n<meta property=\"article:modified_time\" content=\"2024-02-17T10:49:11+00:00\" \/>\n<meta property=\"og:image\" content=\"https:\/\/corsishop.com\/wp-content\/uploads\/2022\/10\/John-Smedley-Lundy-Charcoal.jpg\" \/>\n\t<meta property=\"og:image:width\" content=\"1018\" \/>\n\t<meta property=\"og:image:height\" content=\"1340\" \/>\n\t<meta property=\"og:image:type\" content=\"image\/jpeg\" \/>\n<meta name=\"twitter:card\" content=\"summary_large_image\" \/>\n<script type=\"application\/ld+json\" class=\"yoast-schema-graph\">{\"@context\":\"https:\/\/schema.org\",\"@graph\":[{\"@type\":\"WebPage\",\"@id\":\"https:\/\/corsishop.com\/it\/uomo\/john-smedley-lundy-charcoal\/\",\"url\":\"https:\/\/corsishop.com\/it\/uomo\/john-smedley-lundy-charcoal\/\",\"name\":\"John Smedley Lundy Charcoal | John Smedley | Corsi Shop\",\"isPartOf\":{\"@id\":\"https:\/\/corsishop.com\/#website\"},\"datePublished\":\"2022-10-17T15:53:17+00:00\",\"dateModified\":\"2024-02-17T10:49:11+00:00\",\"description\":\"John Smedley Lundy Charcoal, \u20ac\u00a0240,00. -10% Sconto Newsletter. Spedizione Express 24\/48h. Guarda la collezione su www.corsishop.com\",\"breadcrumb\":{\"@id\":\"https:\/\/corsishop.com\/it\/uomo\/john-smedley-lundy-charcoal\/#breadcrumb\"},\"inLanguage\":\"en-US\",\"potentialAction\":[{\"@type\":\"ReadAction\",\"target\":[\"https:\/\/corsishop.com\/it\/uomo\/john-smedley-lundy-charcoal\/\"]}]},{\"@type\":\"BreadcrumbList\",\"@id\":\"https:\/\/corsishop.com\/it\/uomo\/john-smedley-lundy-charcoal\/#breadcrumb\",\"itemListElement\":[{\"@type\":\"ListItem\",\"position\":1,\"name\":\"Home\",\"item\":\"https:\/\/corsishop.com\/\"},{\"@type\":\"ListItem\",\"position\":2,\"name\":\"Shop\",\"item\":\"https:\/\/corsishop.com\/shop\/\"},{\"@type\":\"ListItem\",\"position\":3,\"name\":\"John Smedley Lundy Charcoal\"}]},{\"@type\":\"WebSite\",\"@id\":\"https:\/\/corsishop.com\/#website\",\"url\":\"https:\/\/corsishop.com\/\",\"name\":\"Corsi Shop\",\"description\":\"Vendita di Scarpe, accessori e abbigliamento dal 1948\",\"publisher\":{\"@id\":\"https:\/\/corsishop.com\/#organization\"},\"potentialAction\":[{\"@type\":\"SearchAction\",\"target\":{\"@type\":\"EntryPoint\",\"urlTemplate\":\"https:\/\/corsishop.com\/?s={search_term_string}\"},\"query-input\":\"required name=search_term_string\"}],\"inLanguage\":\"en-US\"},{\"@type\":\"Organization\",\"@id\":\"https:\/\/corsishop.com\/#organization\",\"name\":\"Corsi Shop\",\"url\":\"https:\/\/corsishop.com\/\",\"logo\":{\"@type\":\"ImageObject\",\"inLanguage\":\"en-US\",\"@id\":\"https:\/\/corsishop.com\/#\/schema\/logo\/image\/\",\"url\":\"https:\/\/corsishop.com\/wp-content\/uploads\/2020\/04\/logo.png\",\"contentUrl\":\"https:\/\/corsishop.com\/wp-content\/uploads\/2020\/04\/logo.png\",\"width\":376,\"height\":106,\"caption\":\"Corsi Shop\"},\"image\":{\"@id\":\"https:\/\/corsishop.com\/#\/schema\/logo\/image\/\"},\"sameAs\":[\"https:\/\/www.facebook.com\/Corsishop\"]}]}<\/script>\n<!-- \/ Yoast SEO plugin. -->","yoast_head_json":{"title":"John Smedley Lundy Charcoal | John Smedley | Corsi Shop","description":"John Smedley Lundy Charcoal, \u20ac\u00a0240,00. -10% Sconto Newsletter. Spedizione Express 24\/48h. Guarda la collezione su www.corsishop.com","robots":{"index":"index","follow":"follow","max-snippet":"max-snippet:-1","max-image-preview":"max-image-preview:large","max-video-preview":"max-video-preview:-1"},"canonical":"https:\/\/corsishop.com\/it\/uomo\/john-smedley-lundy-charcoal\/","og_locale":"en_US","og_type":"article","og_title":"John Smedley Lundy Charcoal | John Smedley | Corsi Shop","og_description":"John Smedley Lundy Charcoal, \u20ac\u00a0240,00. -10% Sconto Newsletter. Spedizione Express 24\/48h. Guarda la collezione su www.corsishop.com","og_url":"https:\/\/corsishop.com\/it\/uomo\/john-smedley-lundy-charcoal\/","og_site_name":"Corsi Shop","article_publisher":"https:\/\/www.facebook.com\/Corsishop","article_modified_time":"2024-02-17T10:49:11+00:00","og_image":[{"width":1018,"height":1340,"url":"https:\/\/corsishop.com\/wp-content\/uploads\/2022\/10\/John-Smedley-Lundy-Charcoal.jpg","type":"image\/jpeg"}],"twitter_card":"summary_large_image","schema":{"@context":"https:\/\/schema.org","@graph":[{"@type":"WebPage","@id":"https:\/\/corsishop.com\/it\/uomo\/john-smedley-lundy-charcoal\/","url":"https:\/\/corsishop.com\/it\/uomo\/john-smedley-lundy-charcoal\/","name":"John Smedley Lundy Charcoal | John Smedley | Corsi Shop","isPartOf":{"@id":"https:\/\/corsishop.com\/#website"},"datePublished":"2022-10-17T15:53:17+00:00","dateModified":"2024-02-17T10:49:11+00:00","description":"John Smedley Lundy Charcoal, \u20ac\u00a0240,00. -10% Sconto Newsletter. Spedizione Express 24\/48h. Guarda la collezione su www.corsishop.com","breadcrumb":{"@id":"https:\/\/corsishop.com\/it\/uomo\/john-smedley-lundy-charcoal\/#breadcrumb"},"inLanguage":"en-US","potentialAction":[{"@type":"ReadAction","target":["https:\/\/corsishop.com\/it\/uomo\/john-smedley-lundy-charcoal\/"]}]},{"@type":"BreadcrumbList","@id":"https:\/\/corsishop.com\/it\/uomo\/john-smedley-lundy-charcoal\/#breadcrumb","itemListElement":[{"@type":"ListItem","position":1,"name":"Home","item":"https:\/\/corsishop.com\/"},{"@type":"ListItem","position":2,"name":"Shop","item":"https:\/\/corsishop.com\/shop\/"},{"@type":"ListItem","position":3,"name":"John Smedley Lundy Charcoal"}]},{"@type":"WebSite","@id":"https:\/\/corsishop.com\/#website","url":"https:\/\/corsishop.com\/","name":"Corsi Shop","description":"Vendita di Scarpe, accessori e abbigliamento dal 1948","publisher":{"@id":"https:\/\/corsishop.com\/#organization"},"potentialAction":[{"@type":"SearchAction","target":{"@type":"EntryPoint","urlTemplate":"https:\/\/corsishop.com\/?s={search_term_string}"},"query-input":"required name=search_term_string"}],"inLanguage":"en-US"},{"@type":"Organization","@id":"https:\/\/corsishop.com\/#organization","name":"Corsi Shop","url":"https:\/\/corsishop.com\/","logo":{"@type":"ImageObject","inLanguage":"en-US","@id":"https:\/\/corsishop.com\/#\/schema\/logo\/image\/","url":"https:\/\/corsishop.com\/wp-content\/uploads\/2020\/04\/logo.png","contentUrl":"https:\/\/corsishop.com\/wp-content\/uploads\/2020\/04\/logo.png","width":376,"height":106,"caption":"Corsi Shop"},"image":{"@id":"https:\/\/corsishop.com\/#\/schema\/logo\/image\/"},"sameAs":["https:\/\/www.facebook.com\/Corsishop"]}]}},"brands":[{"id":1440,"name":"John Smedley","slug":"john-smedley"}],"_links":{"self":[{"href":"https:\/\/corsishop.com\/it\/wp-json\/wp\/v3\/product\/72652"}],"collection":[{"href":"https:\/\/corsishop.com\/it\/wp-json\/wp\/v3\/product"}],"about":[{"href":"https:\/\/corsishop.com\/it\/wp-json\/wp\/v2\/types\/product"}],"wp:featuredmedia":[{"embeddable":true,"href":"https:\/\/corsishop.com\/it\/wp-json\/wp\/v2\/media\/72666"}],"wp:attachment":[{"href":"https:\/\/corsishop.com\/it\/wp-json\/wp\/v2\/media?parent=72652"}],"wp:term":[{"taxonomy":"pwb-brand","embeddable":true,"href":"https:\/\/corsishop.com\/it\/wp-json\/wp\/v2\/pwb-brand?post=72652"},{"taxonomy":"product_cat","embeddable":true,"href":"https:\/\/corsishop.com\/it\/wp-json\/wp\/v2\/product_cat?post=72652"},{"taxonomy":"product_tag","embeddable":true,"href":"https:\/\/corsishop.com\/it\/wp-json\/wp\/v2\/product_tag?post=72652"}],"curies":[{"name":"wp","href":"https:\/\/api.w.org\/{rel}","templated":true}]}}