{"id":62387,"date":"2021-10-15T17:56:46","date_gmt":"2021-10-15T15:56:46","guid":{"rendered":"https:\/\/corsishop.com\/?post_type=product&#038;p=62387"},"modified":"2026-04-10T08:21:49","modified_gmt":"2026-04-10T06:21:49","slug":"kleman-padror-noir","status":"publish","type":"product","link":"https:\/\/corsishop.com\/it\/unisex\/kleman-padror-noir\/","title":{"rendered":"Kleman Padror Noir"},"content":{"rendered":"","protected":false},"excerpt":{"rendered":"<p>Kleman Padror Noir,<\/p>\n<p>Introdotto per la prima volta negli anni novanta per la rete ferroviaria francese, il PADROR (nome originale PADRE) \u00e8 stato progettato per durare. Realizzate nel laboratorio francese di Kleman, con pellami europei di qualit\u00e0, queste scarpe tirolesi nere sono saldate su una suola in gomma standard EN-20347 nota per le sue propriet\u00e0 antiscivolo e antiabrasione. La sua soletta Poron\u00ae assorbe gli urti e offre un comfort ottimale.<br \/>\nL&#8217;orlo seghettato e le cuciture fantasia sul retro rendono l&#8217;identit\u00e0 di questo modello iconico, un&#8217;autentica eredit\u00e0 da indossare tutti i giorni.<\/p>\n<ul>\n<li>Made in France<\/li>\n<li>Tomaia: pelle bovina<\/li>\n<li>Fodera: pelle di vitello e tessuto<\/li>\n<li>Suola: Gomma<\/li>\n<li>lacci tessuti a 10 km dalla fabbrica<\/li>\n<\/ul>\n","protected":false},"featured_media":62407,"template":"","meta":[],"pwb-brand":[1350],"product_cat":[1141,1140,69,71,68,70],"product_tag":[160,1382,1217],"yoast_head":"<!-- This site is optimized with the Yoast SEO plugin v20.5 - https:\/\/yoast.com\/wordpress\/plugins\/seo\/ -->\n<title>Kleman Padror Noir | Kleman Shoes | Corsi Shop<\/title>\n<meta name=\"description\" content=\"Kleman Padror Noir, \u20ac 170,00. -10% Sconto Newsletter. Spedizione Express 24\/48h. Guarda la collezione su www.corsishop.com\" \/>\n<meta name=\"robots\" content=\"index, follow, max-snippet:-1, max-image-preview:large, max-video-preview:-1\" \/>\n<link rel=\"canonical\" href=\"https:\/\/corsishop.com\/it\/unisex\/kleman-padror-noir\/\" \/>\n<meta property=\"og:locale\" content=\"en_US\" \/>\n<meta property=\"og:type\" content=\"article\" \/>\n<meta property=\"og:title\" content=\"Kleman Padror Noir | Kleman Shoes | Corsi Shop\" \/>\n<meta property=\"og:description\" content=\"Kleman Padror Noir, \u20ac 170,00. -10% Sconto Newsletter. Spedizione Express 24\/48h. Guarda la collezione su www.corsishop.com\" \/>\n<meta property=\"og:url\" content=\"https:\/\/corsishop.com\/it\/unisex\/kleman-padror-noir\/\" \/>\n<meta property=\"og:site_name\" content=\"Corsi Shop\" \/>\n<meta property=\"article:publisher\" content=\"https:\/\/www.facebook.com\/Corsishop\" \/>\n<meta property=\"article:modified_time\" content=\"2026-04-10T06:21:49+00:00\" \/>\n<meta property=\"og:image\" content=\"https:\/\/corsishop.com\/wp-content\/uploads\/2021\/10\/Kleman-Padror-Black.jpg\" \/>\n\t<meta property=\"og:image:width\" content=\"1730\" \/>\n\t<meta property=\"og:image:height\" content=\"2276\" \/>\n\t<meta property=\"og:image:type\" content=\"image\/jpeg\" \/>\n<meta name=\"twitter:card\" content=\"summary_large_image\" \/>\n<script type=\"application\/ld+json\" class=\"yoast-schema-graph\">{\"@context\":\"https:\/\/schema.org\",\"@graph\":[{\"@type\":\"WebPage\",\"@id\":\"https:\/\/corsishop.com\/it\/unisex\/kleman-padror-noir\/\",\"url\":\"https:\/\/corsishop.com\/it\/unisex\/kleman-padror-noir\/\",\"name\":\"Kleman Padror Noir | Kleman Shoes | Corsi Shop\",\"isPartOf\":{\"@id\":\"https:\/\/corsishop.com\/#website\"},\"datePublished\":\"2021-10-15T15:56:46+00:00\",\"dateModified\":\"2026-04-10T06:21:49+00:00\",\"description\":\"Kleman Padror Noir, \u20ac 170,00. -10% Sconto Newsletter. Spedizione Express 24\/48h. Guarda la collezione su www.corsishop.com\",\"breadcrumb\":{\"@id\":\"https:\/\/corsishop.com\/it\/unisex\/kleman-padror-noir\/#breadcrumb\"},\"inLanguage\":\"en-US\",\"potentialAction\":[{\"@type\":\"ReadAction\",\"target\":[\"https:\/\/corsishop.com\/it\/unisex\/kleman-padror-noir\/\"]}]},{\"@type\":\"BreadcrumbList\",\"@id\":\"https:\/\/corsishop.com\/it\/unisex\/kleman-padror-noir\/#breadcrumb\",\"itemListElement\":[{\"@type\":\"ListItem\",\"position\":1,\"name\":\"Home\",\"item\":\"https:\/\/corsishop.com\/\"},{\"@type\":\"ListItem\",\"position\":2,\"name\":\"Shop\",\"item\":\"https:\/\/corsishop.com\/shop\/\"},{\"@type\":\"ListItem\",\"position\":3,\"name\":\"Kleman Padror Noir\"}]},{\"@type\":\"WebSite\",\"@id\":\"https:\/\/corsishop.com\/#website\",\"url\":\"https:\/\/corsishop.com\/\",\"name\":\"Corsi Shop\",\"description\":\"Vendita di Scarpe, accessori e abbigliamento dal 1948\",\"publisher\":{\"@id\":\"https:\/\/corsishop.com\/#organization\"},\"potentialAction\":[{\"@type\":\"SearchAction\",\"target\":{\"@type\":\"EntryPoint\",\"urlTemplate\":\"https:\/\/corsishop.com\/?s={search_term_string}\"},\"query-input\":\"required name=search_term_string\"}],\"inLanguage\":\"en-US\"},{\"@type\":\"Organization\",\"@id\":\"https:\/\/corsishop.com\/#organization\",\"name\":\"Corsi Shop\",\"url\":\"https:\/\/corsishop.com\/\",\"logo\":{\"@type\":\"ImageObject\",\"inLanguage\":\"en-US\",\"@id\":\"https:\/\/corsishop.com\/#\/schema\/logo\/image\/\",\"url\":\"https:\/\/corsishop.com\/wp-content\/uploads\/2020\/04\/logo.png\",\"contentUrl\":\"https:\/\/corsishop.com\/wp-content\/uploads\/2020\/04\/logo.png\",\"width\":376,\"height\":106,\"caption\":\"Corsi Shop\"},\"image\":{\"@id\":\"https:\/\/corsishop.com\/#\/schema\/logo\/image\/\"},\"sameAs\":[\"https:\/\/www.facebook.com\/Corsishop\"]}]}<\/script>\n<!-- \/ Yoast SEO plugin. -->","yoast_head_json":{"title":"Kleman Padror Noir | Kleman Shoes | Corsi Shop","description":"Kleman Padror Noir, \u20ac 170,00. -10% Sconto Newsletter. Spedizione Express 24\/48h. Guarda la collezione su www.corsishop.com","robots":{"index":"index","follow":"follow","max-snippet":"max-snippet:-1","max-image-preview":"max-image-preview:large","max-video-preview":"max-video-preview:-1"},"canonical":"https:\/\/corsishop.com\/it\/unisex\/kleman-padror-noir\/","og_locale":"en_US","og_type":"article","og_title":"Kleman Padror Noir | Kleman Shoes | Corsi Shop","og_description":"Kleman Padror Noir, \u20ac 170,00. -10% Sconto Newsletter. Spedizione Express 24\/48h. Guarda la collezione su www.corsishop.com","og_url":"https:\/\/corsishop.com\/it\/unisex\/kleman-padror-noir\/","og_site_name":"Corsi Shop","article_publisher":"https:\/\/www.facebook.com\/Corsishop","article_modified_time":"2026-04-10T06:21:49+00:00","og_image":[{"width":1730,"height":2276,"url":"https:\/\/corsishop.com\/wp-content\/uploads\/2021\/10\/Kleman-Padror-Black.jpg","type":"image\/jpeg"}],"twitter_card":"summary_large_image","schema":{"@context":"https:\/\/schema.org","@graph":[{"@type":"WebPage","@id":"https:\/\/corsishop.com\/it\/unisex\/kleman-padror-noir\/","url":"https:\/\/corsishop.com\/it\/unisex\/kleman-padror-noir\/","name":"Kleman Padror Noir | Kleman Shoes | Corsi Shop","isPartOf":{"@id":"https:\/\/corsishop.com\/#website"},"datePublished":"2021-10-15T15:56:46+00:00","dateModified":"2026-04-10T06:21:49+00:00","description":"Kleman Padror Noir, \u20ac 170,00. -10% Sconto Newsletter. Spedizione Express 24\/48h. Guarda la collezione su www.corsishop.com","breadcrumb":{"@id":"https:\/\/corsishop.com\/it\/unisex\/kleman-padror-noir\/#breadcrumb"},"inLanguage":"en-US","potentialAction":[{"@type":"ReadAction","target":["https:\/\/corsishop.com\/it\/unisex\/kleman-padror-noir\/"]}]},{"@type":"BreadcrumbList","@id":"https:\/\/corsishop.com\/it\/unisex\/kleman-padror-noir\/#breadcrumb","itemListElement":[{"@type":"ListItem","position":1,"name":"Home","item":"https:\/\/corsishop.com\/"},{"@type":"ListItem","position":2,"name":"Shop","item":"https:\/\/corsishop.com\/shop\/"},{"@type":"ListItem","position":3,"name":"Kleman Padror Noir"}]},{"@type":"WebSite","@id":"https:\/\/corsishop.com\/#website","url":"https:\/\/corsishop.com\/","name":"Corsi Shop","description":"Vendita di Scarpe, accessori e abbigliamento dal 1948","publisher":{"@id":"https:\/\/corsishop.com\/#organization"},"potentialAction":[{"@type":"SearchAction","target":{"@type":"EntryPoint","urlTemplate":"https:\/\/corsishop.com\/?s={search_term_string}"},"query-input":"required name=search_term_string"}],"inLanguage":"en-US"},{"@type":"Organization","@id":"https:\/\/corsishop.com\/#organization","name":"Corsi Shop","url":"https:\/\/corsishop.com\/","logo":{"@type":"ImageObject","inLanguage":"en-US","@id":"https:\/\/corsishop.com\/#\/schema\/logo\/image\/","url":"https:\/\/corsishop.com\/wp-content\/uploads\/2020\/04\/logo.png","contentUrl":"https:\/\/corsishop.com\/wp-content\/uploads\/2020\/04\/logo.png","width":376,"height":106,"caption":"Corsi Shop"},"image":{"@id":"https:\/\/corsishop.com\/#\/schema\/logo\/image\/"},"sameAs":["https:\/\/www.facebook.com\/Corsishop"]}]}},"brands":[{"id":1350,"name":"Kleman","slug":"kleman"}],"_links":{"self":[{"href":"https:\/\/corsishop.com\/it\/wp-json\/wp\/v3\/product\/62387"}],"collection":[{"href":"https:\/\/corsishop.com\/it\/wp-json\/wp\/v3\/product"}],"about":[{"href":"https:\/\/corsishop.com\/it\/wp-json\/wp\/v2\/types\/product"}],"wp:featuredmedia":[{"embeddable":true,"href":"https:\/\/corsishop.com\/it\/wp-json\/wp\/v2\/media\/62407"}],"wp:attachment":[{"href":"https:\/\/corsishop.com\/it\/wp-json\/wp\/v2\/media?parent=62387"}],"wp:term":[{"taxonomy":"pwb-brand","embeddable":true,"href":"https:\/\/corsishop.com\/it\/wp-json\/wp\/v2\/pwb-brand?post=62387"},{"taxonomy":"product_cat","embeddable":true,"href":"https:\/\/corsishop.com\/it\/wp-json\/wp\/v2\/product_cat?post=62387"},{"taxonomy":"product_tag","embeddable":true,"href":"https:\/\/corsishop.com\/it\/wp-json\/wp\/v2\/product_tag?post=62387"}],"curies":[{"name":"wp","href":"https:\/\/api.w.org\/{rel}","templated":true}]}}