{"id":53678,"date":"2020-09-04T16:27:22","date_gmt":"2020-09-04T14:27:22","guid":{"rendered":"https:\/\/corsishop.com\/?post_type=product&#038;p=53678"},"modified":"2024-01-04T16:43:07","modified_gmt":"2024-01-04T15:43:07","slug":"barbour-reelin-wax-jacket-navy","status":"publish","type":"product","link":"https:\/\/corsishop.com\/it\/uomo\/barbour-reelin-wax-jacket-navy\/","title":{"rendered":"Barbour Reelin Wax Jacket Navy"},"content":{"rendered":"","protected":false},"excerpt":{"rendered":"<p>Barbour Reelin Wax Jacket Navy,<\/p>\n<p>Il marchio britannico Barbour prende questo modello dal suo archivio e lo rielabora per i mesi invernali per creare il \u201cReelin\u201d. Realizzato con il rinomato cotone cerato del brand, \u00e8 dotato di una fodera trapuntata in tartan e colletto in velluto a coste per un tocco classico, mentre la sua vestibilit\u00e0 pi\u00f9 sottile conferisce un tocco contemporaneo.<\/p>\n<p>100% cotone<br \/>\nTessuto cerato<br \/>\nFodera in tartan<br \/>\nColletto in velluto a coste<br \/>\nChiusura con bottone a pressione<br \/>\n4 tasche frontali<\/p>\n","protected":false},"featured_media":53682,"template":"","meta":[],"pwb-brand":[1237],"product_cat":[68,73],"product_tag":[1234,1164],"yoast_head":"<!-- This site is optimized with the Yoast SEO plugin v20.5 - https:\/\/yoast.com\/wordpress\/plugins\/seo\/ -->\n<title>Barbour Reelin Wax Jacket Navy | Barbour | Corsi Shop<\/title>\n<meta name=\"description\" content=\"Barbour Reelin Wax Jacket Navy, \u20ac 335,00. -10% Sconto Newsletter. Spedizione Express 24\/48h. Guarda la collezione su www.corsishop.com\" \/>\n<meta name=\"robots\" content=\"index, follow, max-snippet:-1, max-image-preview:large, max-video-preview:-1\" \/>\n<link rel=\"canonical\" href=\"https:\/\/corsishop.com\/it\/uomo\/barbour-reelin-wax-jacket-navy\/\" \/>\n<meta property=\"og:locale\" content=\"en_US\" \/>\n<meta property=\"og:type\" content=\"article\" \/>\n<meta property=\"og:title\" content=\"Barbour Reelin Wax Jacket Navy | Barbour | Corsi Shop\" \/>\n<meta property=\"og:description\" content=\"Barbour Reelin Wax Jacket Navy, \u20ac 335,00. -10% Sconto Newsletter. Spedizione Express 24\/48h. Guarda la collezione su www.corsishop.com\" \/>\n<meta property=\"og:url\" content=\"https:\/\/corsishop.com\/it\/uomo\/barbour-reelin-wax-jacket-navy\/\" \/>\n<meta property=\"og:site_name\" content=\"Corsi Shop\" \/>\n<meta property=\"article:publisher\" content=\"https:\/\/www.facebook.com\/Corsishop\" \/>\n<meta property=\"article:modified_time\" content=\"2024-01-04T15:43:07+00:00\" \/>\n<meta property=\"og:image\" content=\"https:\/\/corsishop.com\/wp-content\/uploads\/2020\/09\/Barbour-Reelin-Wax-Jacket-Navy.jpg\" \/>\n\t<meta property=\"og:image:width\" content=\"1018\" \/>\n\t<meta property=\"og:image:height\" content=\"1340\" \/>\n\t<meta property=\"og:image:type\" content=\"image\/jpeg\" \/>\n<meta name=\"twitter:card\" content=\"summary_large_image\" \/>\n<script type=\"application\/ld+json\" class=\"yoast-schema-graph\">{\"@context\":\"https:\/\/schema.org\",\"@graph\":[{\"@type\":\"WebPage\",\"@id\":\"https:\/\/corsishop.com\/it\/uomo\/barbour-reelin-wax-jacket-navy\/\",\"url\":\"https:\/\/corsishop.com\/it\/uomo\/barbour-reelin-wax-jacket-navy\/\",\"name\":\"Barbour Reelin Wax Jacket Navy | Barbour | Corsi Shop\",\"isPartOf\":{\"@id\":\"https:\/\/corsishop.com\/#website\"},\"datePublished\":\"2020-09-04T14:27:22+00:00\",\"dateModified\":\"2024-01-04T15:43:07+00:00\",\"description\":\"Barbour Reelin Wax Jacket Navy, \u20ac 335,00. -10% Sconto Newsletter. Spedizione Express 24\/48h. Guarda la collezione su www.corsishop.com\",\"breadcrumb\":{\"@id\":\"https:\/\/corsishop.com\/it\/uomo\/barbour-reelin-wax-jacket-navy\/#breadcrumb\"},\"inLanguage\":\"en-US\",\"potentialAction\":[{\"@type\":\"ReadAction\",\"target\":[\"https:\/\/corsishop.com\/it\/uomo\/barbour-reelin-wax-jacket-navy\/\"]}]},{\"@type\":\"BreadcrumbList\",\"@id\":\"https:\/\/corsishop.com\/it\/uomo\/barbour-reelin-wax-jacket-navy\/#breadcrumb\",\"itemListElement\":[{\"@type\":\"ListItem\",\"position\":1,\"name\":\"Home\",\"item\":\"https:\/\/corsishop.com\/\"},{\"@type\":\"ListItem\",\"position\":2,\"name\":\"Shop\",\"item\":\"https:\/\/corsishop.com\/shop\/\"},{\"@type\":\"ListItem\",\"position\":3,\"name\":\"Barbour Reelin Wax Jacket Navy\"}]},{\"@type\":\"WebSite\",\"@id\":\"https:\/\/corsishop.com\/#website\",\"url\":\"https:\/\/corsishop.com\/\",\"name\":\"Corsi Shop\",\"description\":\"Vendita di Scarpe, accessori e abbigliamento dal 1948\",\"publisher\":{\"@id\":\"https:\/\/corsishop.com\/#organization\"},\"potentialAction\":[{\"@type\":\"SearchAction\",\"target\":{\"@type\":\"EntryPoint\",\"urlTemplate\":\"https:\/\/corsishop.com\/?s={search_term_string}\"},\"query-input\":\"required name=search_term_string\"}],\"inLanguage\":\"en-US\"},{\"@type\":\"Organization\",\"@id\":\"https:\/\/corsishop.com\/#organization\",\"name\":\"Corsi Shop\",\"url\":\"https:\/\/corsishop.com\/\",\"logo\":{\"@type\":\"ImageObject\",\"inLanguage\":\"en-US\",\"@id\":\"https:\/\/corsishop.com\/#\/schema\/logo\/image\/\",\"url\":\"https:\/\/corsishop.com\/wp-content\/uploads\/2020\/04\/logo.png\",\"contentUrl\":\"https:\/\/corsishop.com\/wp-content\/uploads\/2020\/04\/logo.png\",\"width\":376,\"height\":106,\"caption\":\"Corsi Shop\"},\"image\":{\"@id\":\"https:\/\/corsishop.com\/#\/schema\/logo\/image\/\"},\"sameAs\":[\"https:\/\/www.facebook.com\/Corsishop\"]}]}<\/script>\n<!-- \/ Yoast SEO plugin. -->","yoast_head_json":{"title":"Barbour Reelin Wax Jacket Navy | Barbour | Corsi Shop","description":"Barbour Reelin Wax Jacket Navy, \u20ac 335,00. -10% Sconto Newsletter. Spedizione Express 24\/48h. Guarda la collezione su www.corsishop.com","robots":{"index":"index","follow":"follow","max-snippet":"max-snippet:-1","max-image-preview":"max-image-preview:large","max-video-preview":"max-video-preview:-1"},"canonical":"https:\/\/corsishop.com\/it\/uomo\/barbour-reelin-wax-jacket-navy\/","og_locale":"en_US","og_type":"article","og_title":"Barbour Reelin Wax Jacket Navy | Barbour | Corsi Shop","og_description":"Barbour Reelin Wax Jacket Navy, \u20ac 335,00. -10% Sconto Newsletter. Spedizione Express 24\/48h. Guarda la collezione su www.corsishop.com","og_url":"https:\/\/corsishop.com\/it\/uomo\/barbour-reelin-wax-jacket-navy\/","og_site_name":"Corsi Shop","article_publisher":"https:\/\/www.facebook.com\/Corsishop","article_modified_time":"2024-01-04T15:43:07+00:00","og_image":[{"width":1018,"height":1340,"url":"https:\/\/corsishop.com\/wp-content\/uploads\/2020\/09\/Barbour-Reelin-Wax-Jacket-Navy.jpg","type":"image\/jpeg"}],"twitter_card":"summary_large_image","schema":{"@context":"https:\/\/schema.org","@graph":[{"@type":"WebPage","@id":"https:\/\/corsishop.com\/it\/uomo\/barbour-reelin-wax-jacket-navy\/","url":"https:\/\/corsishop.com\/it\/uomo\/barbour-reelin-wax-jacket-navy\/","name":"Barbour Reelin Wax Jacket Navy | Barbour | Corsi Shop","isPartOf":{"@id":"https:\/\/corsishop.com\/#website"},"datePublished":"2020-09-04T14:27:22+00:00","dateModified":"2024-01-04T15:43:07+00:00","description":"Barbour Reelin Wax Jacket Navy, \u20ac 335,00. -10% Sconto Newsletter. Spedizione Express 24\/48h. Guarda la collezione su www.corsishop.com","breadcrumb":{"@id":"https:\/\/corsishop.com\/it\/uomo\/barbour-reelin-wax-jacket-navy\/#breadcrumb"},"inLanguage":"en-US","potentialAction":[{"@type":"ReadAction","target":["https:\/\/corsishop.com\/it\/uomo\/barbour-reelin-wax-jacket-navy\/"]}]},{"@type":"BreadcrumbList","@id":"https:\/\/corsishop.com\/it\/uomo\/barbour-reelin-wax-jacket-navy\/#breadcrumb","itemListElement":[{"@type":"ListItem","position":1,"name":"Home","item":"https:\/\/corsishop.com\/"},{"@type":"ListItem","position":2,"name":"Shop","item":"https:\/\/corsishop.com\/shop\/"},{"@type":"ListItem","position":3,"name":"Barbour Reelin Wax Jacket Navy"}]},{"@type":"WebSite","@id":"https:\/\/corsishop.com\/#website","url":"https:\/\/corsishop.com\/","name":"Corsi Shop","description":"Vendita di Scarpe, accessori e abbigliamento dal 1948","publisher":{"@id":"https:\/\/corsishop.com\/#organization"},"potentialAction":[{"@type":"SearchAction","target":{"@type":"EntryPoint","urlTemplate":"https:\/\/corsishop.com\/?s={search_term_string}"},"query-input":"required name=search_term_string"}],"inLanguage":"en-US"},{"@type":"Organization","@id":"https:\/\/corsishop.com\/#organization","name":"Corsi Shop","url":"https:\/\/corsishop.com\/","logo":{"@type":"ImageObject","inLanguage":"en-US","@id":"https:\/\/corsishop.com\/#\/schema\/logo\/image\/","url":"https:\/\/corsishop.com\/wp-content\/uploads\/2020\/04\/logo.png","contentUrl":"https:\/\/corsishop.com\/wp-content\/uploads\/2020\/04\/logo.png","width":376,"height":106,"caption":"Corsi Shop"},"image":{"@id":"https:\/\/corsishop.com\/#\/schema\/logo\/image\/"},"sameAs":["https:\/\/www.facebook.com\/Corsishop"]}]}},"brands":[{"id":1237,"name":"Barbour","slug":"barbour"}],"_links":{"self":[{"href":"https:\/\/corsishop.com\/it\/wp-json\/wp\/v3\/product\/53678"}],"collection":[{"href":"https:\/\/corsishop.com\/it\/wp-json\/wp\/v3\/product"}],"about":[{"href":"https:\/\/corsishop.com\/it\/wp-json\/wp\/v2\/types\/product"}],"wp:featuredmedia":[{"embeddable":true,"href":"https:\/\/corsishop.com\/it\/wp-json\/wp\/v2\/media\/53682"}],"wp:attachment":[{"href":"https:\/\/corsishop.com\/it\/wp-json\/wp\/v2\/media?parent=53678"}],"wp:term":[{"taxonomy":"pwb-brand","embeddable":true,"href":"https:\/\/corsishop.com\/it\/wp-json\/wp\/v2\/pwb-brand?post=53678"},{"taxonomy":"product_cat","embeddable":true,"href":"https:\/\/corsishop.com\/it\/wp-json\/wp\/v2\/product_cat?post=53678"},{"taxonomy":"product_tag","embeddable":true,"href":"https:\/\/corsishop.com\/it\/wp-json\/wp\/v2\/product_tag?post=53678"}],"curies":[{"name":"wp","href":"https:\/\/api.w.org\/{rel}","templated":true}]}}