{"id":48907,"date":"2020-02-26T10:48:37","date_gmt":"2020-02-26T09:48:37","guid":{"rendered":"https:\/\/corsishop.com\/?post_type=product&#038;p=48907"},"modified":"2024-04-20T19:19:40","modified_gmt":"2024-04-20T17:19:40","slug":"gramicci-g-pant-chino","status":"publish","type":"product","link":"https:\/\/corsishop.com\/it\/uomo\/gramicci-g-pant-chino\/","title":{"rendered":"Gramicci G Pant Chino"},"content":{"rendered":"","protected":false},"excerpt":{"rendered":"<p>Gramicci G Pant Chino,<\/p>\n<p>I pantaloni Original G Gramicci sono realizzati in resistente cotone 100% e presenta una cintura in nylon integrata con marchio esclusivo. Progettato per l\u2019uso quotidiano e le attivit\u00e0 sportive, il cavallo a soffietto offre una gamma completa di movimenti ed \u00e8 stata aggiunta anche una cerniera. Offrendo una vestibilit\u00e0 comoda, la vita \u00e8 elasticizzata e la cintura in nylon pu\u00f2 essere regolata usando una mano con chiusura a fibbia.<\/p>\n<p>Presentati per la prima volta nel 1988, i pantaloni Original G sono lo stile pi\u00f9 noto di Gramicci e sono stati sviluppati con particolare attenzione a forza, mobilit\u00e0 e comfort. Fondata da Mike Graham e un team di amici a Yosemite, in California, Gramicci \u00e8 rimasta fedele alle sue radici di abbigliamento da arrampicata introducendo tessuti sperimentali e colorazioni attraverso stili pi\u00f9 focalizzati sulla moda.<\/p>\n","protected":false},"featured_media":54182,"template":"","meta":[],"pwb-brand":[1136],"product_cat":[68,73],"product_tag":[1250,741],"yoast_head":"<!-- This site is optimized with the Yoast SEO plugin v20.5 - https:\/\/yoast.com\/wordpress\/plugins\/seo\/ -->\n<title>Gramicci G Pant Chino | Gramicci | Corsi shop<\/title>\n<meta name=\"description\" content=\"Gramicci G Pant Chino, \u20ac 100,00. -10% Sconto Newsletter. Spedizione Express 24\/48h. Guarda la collezione su www.corsishop.com\" \/>\n<meta name=\"robots\" content=\"index, follow, max-snippet:-1, max-image-preview:large, max-video-preview:-1\" \/>\n<link rel=\"canonical\" href=\"https:\/\/corsishop.com\/it\/uomo\/gramicci-g-pant-chino\/\" \/>\n<meta property=\"og:locale\" content=\"en_US\" \/>\n<meta property=\"og:type\" content=\"article\" \/>\n<meta property=\"og:title\" content=\"Gramicci G Pant Chino | Gramicci | Corsi shop\" \/>\n<meta property=\"og:description\" content=\"Gramicci G Pant Chino, \u20ac 100,00. -10% Sconto Newsletter. Spedizione Express 24\/48h. Guarda la collezione su www.corsishop.com\" \/>\n<meta property=\"og:url\" content=\"https:\/\/corsishop.com\/it\/uomo\/gramicci-g-pant-chino\/\" \/>\n<meta property=\"og:site_name\" content=\"Corsi Shop\" \/>\n<meta property=\"article:publisher\" content=\"https:\/\/www.facebook.com\/Corsishop\" \/>\n<meta property=\"article:modified_time\" content=\"2024-04-20T17:19:40+00:00\" \/>\n<meta property=\"og:image\" content=\"https:\/\/corsishop.com\/wp-content\/uploads\/2020\/02\/Gramicci-G-Pant-Chino-1.jpg\" \/>\n\t<meta property=\"og:image:width\" content=\"509\" \/>\n\t<meta property=\"og:image:height\" content=\"670\" \/>\n\t<meta property=\"og:image:type\" content=\"image\/jpeg\" \/>\n<meta name=\"twitter:card\" content=\"summary_large_image\" \/>\n<script type=\"application\/ld+json\" class=\"yoast-schema-graph\">{\"@context\":\"https:\/\/schema.org\",\"@graph\":[{\"@type\":\"WebPage\",\"@id\":\"https:\/\/corsishop.com\/it\/uomo\/gramicci-g-pant-chino\/\",\"url\":\"https:\/\/corsishop.com\/it\/uomo\/gramicci-g-pant-chino\/\",\"name\":\"Gramicci G Pant Chino | Gramicci | Corsi shop\",\"isPartOf\":{\"@id\":\"https:\/\/corsishop.com\/#website\"},\"datePublished\":\"2020-02-26T09:48:37+00:00\",\"dateModified\":\"2024-04-20T17:19:40+00:00\",\"description\":\"Gramicci G Pant Chino, \u20ac 100,00. -10% Sconto Newsletter. Spedizione Express 24\/48h. Guarda la collezione su www.corsishop.com\",\"breadcrumb\":{\"@id\":\"https:\/\/corsishop.com\/it\/uomo\/gramicci-g-pant-chino\/#breadcrumb\"},\"inLanguage\":\"en-US\",\"potentialAction\":[{\"@type\":\"ReadAction\",\"target\":[\"https:\/\/corsishop.com\/it\/uomo\/gramicci-g-pant-chino\/\"]}]},{\"@type\":\"BreadcrumbList\",\"@id\":\"https:\/\/corsishop.com\/it\/uomo\/gramicci-g-pant-chino\/#breadcrumb\",\"itemListElement\":[{\"@type\":\"ListItem\",\"position\":1,\"name\":\"Home\",\"item\":\"https:\/\/corsishop.com\/\"},{\"@type\":\"ListItem\",\"position\":2,\"name\":\"Shop\",\"item\":\"https:\/\/corsishop.com\/shop\/\"},{\"@type\":\"ListItem\",\"position\":3,\"name\":\"Gramicci G Pant Chino\"}]},{\"@type\":\"WebSite\",\"@id\":\"https:\/\/corsishop.com\/#website\",\"url\":\"https:\/\/corsishop.com\/\",\"name\":\"Corsi Shop\",\"description\":\"Vendita di Scarpe, accessori e abbigliamento dal 1948\",\"publisher\":{\"@id\":\"https:\/\/corsishop.com\/#organization\"},\"potentialAction\":[{\"@type\":\"SearchAction\",\"target\":{\"@type\":\"EntryPoint\",\"urlTemplate\":\"https:\/\/corsishop.com\/?s={search_term_string}\"},\"query-input\":\"required name=search_term_string\"}],\"inLanguage\":\"en-US\"},{\"@type\":\"Organization\",\"@id\":\"https:\/\/corsishop.com\/#organization\",\"name\":\"Corsi Shop\",\"url\":\"https:\/\/corsishop.com\/\",\"logo\":{\"@type\":\"ImageObject\",\"inLanguage\":\"en-US\",\"@id\":\"https:\/\/corsishop.com\/#\/schema\/logo\/image\/\",\"url\":\"https:\/\/corsishop.com\/wp-content\/uploads\/2020\/04\/logo.png\",\"contentUrl\":\"https:\/\/corsishop.com\/wp-content\/uploads\/2020\/04\/logo.png\",\"width\":376,\"height\":106,\"caption\":\"Corsi Shop\"},\"image\":{\"@id\":\"https:\/\/corsishop.com\/#\/schema\/logo\/image\/\"},\"sameAs\":[\"https:\/\/www.facebook.com\/Corsishop\"]}]}<\/script>\n<!-- \/ Yoast SEO plugin. -->","yoast_head_json":{"title":"Gramicci G Pant Chino | Gramicci | Corsi shop","description":"Gramicci G Pant Chino, \u20ac 100,00. -10% Sconto Newsletter. Spedizione Express 24\/48h. Guarda la collezione su www.corsishop.com","robots":{"index":"index","follow":"follow","max-snippet":"max-snippet:-1","max-image-preview":"max-image-preview:large","max-video-preview":"max-video-preview:-1"},"canonical":"https:\/\/corsishop.com\/it\/uomo\/gramicci-g-pant-chino\/","og_locale":"en_US","og_type":"article","og_title":"Gramicci G Pant Chino | Gramicci | Corsi shop","og_description":"Gramicci G Pant Chino, \u20ac 100,00. -10% Sconto Newsletter. Spedizione Express 24\/48h. Guarda la collezione su www.corsishop.com","og_url":"https:\/\/corsishop.com\/it\/uomo\/gramicci-g-pant-chino\/","og_site_name":"Corsi Shop","article_publisher":"https:\/\/www.facebook.com\/Corsishop","article_modified_time":"2024-04-20T17:19:40+00:00","og_image":[{"width":509,"height":670,"url":"https:\/\/corsishop.com\/wp-content\/uploads\/2020\/02\/Gramicci-G-Pant-Chino-1.jpg","type":"image\/jpeg"}],"twitter_card":"summary_large_image","schema":{"@context":"https:\/\/schema.org","@graph":[{"@type":"WebPage","@id":"https:\/\/corsishop.com\/it\/uomo\/gramicci-g-pant-chino\/","url":"https:\/\/corsishop.com\/it\/uomo\/gramicci-g-pant-chino\/","name":"Gramicci G Pant Chino | Gramicci | Corsi shop","isPartOf":{"@id":"https:\/\/corsishop.com\/#website"},"datePublished":"2020-02-26T09:48:37+00:00","dateModified":"2024-04-20T17:19:40+00:00","description":"Gramicci G Pant Chino, \u20ac 100,00. -10% Sconto Newsletter. Spedizione Express 24\/48h. Guarda la collezione su www.corsishop.com","breadcrumb":{"@id":"https:\/\/corsishop.com\/it\/uomo\/gramicci-g-pant-chino\/#breadcrumb"},"inLanguage":"en-US","potentialAction":[{"@type":"ReadAction","target":["https:\/\/corsishop.com\/it\/uomo\/gramicci-g-pant-chino\/"]}]},{"@type":"BreadcrumbList","@id":"https:\/\/corsishop.com\/it\/uomo\/gramicci-g-pant-chino\/#breadcrumb","itemListElement":[{"@type":"ListItem","position":1,"name":"Home","item":"https:\/\/corsishop.com\/"},{"@type":"ListItem","position":2,"name":"Shop","item":"https:\/\/corsishop.com\/shop\/"},{"@type":"ListItem","position":3,"name":"Gramicci G Pant Chino"}]},{"@type":"WebSite","@id":"https:\/\/corsishop.com\/#website","url":"https:\/\/corsishop.com\/","name":"Corsi Shop","description":"Vendita di Scarpe, accessori e abbigliamento dal 1948","publisher":{"@id":"https:\/\/corsishop.com\/#organization"},"potentialAction":[{"@type":"SearchAction","target":{"@type":"EntryPoint","urlTemplate":"https:\/\/corsishop.com\/?s={search_term_string}"},"query-input":"required name=search_term_string"}],"inLanguage":"en-US"},{"@type":"Organization","@id":"https:\/\/corsishop.com\/#organization","name":"Corsi Shop","url":"https:\/\/corsishop.com\/","logo":{"@type":"ImageObject","inLanguage":"en-US","@id":"https:\/\/corsishop.com\/#\/schema\/logo\/image\/","url":"https:\/\/corsishop.com\/wp-content\/uploads\/2020\/04\/logo.png","contentUrl":"https:\/\/corsishop.com\/wp-content\/uploads\/2020\/04\/logo.png","width":376,"height":106,"caption":"Corsi Shop"},"image":{"@id":"https:\/\/corsishop.com\/#\/schema\/logo\/image\/"},"sameAs":["https:\/\/www.facebook.com\/Corsishop"]}]}},"brands":[{"id":1136,"name":"Gramicci","slug":"gramicci"}],"_links":{"self":[{"href":"https:\/\/corsishop.com\/it\/wp-json\/wp\/v3\/product\/48907"}],"collection":[{"href":"https:\/\/corsishop.com\/it\/wp-json\/wp\/v3\/product"}],"about":[{"href":"https:\/\/corsishop.com\/it\/wp-json\/wp\/v2\/types\/product"}],"wp:featuredmedia":[{"embeddable":true,"href":"https:\/\/corsishop.com\/it\/wp-json\/wp\/v2\/media\/54182"}],"wp:attachment":[{"href":"https:\/\/corsishop.com\/it\/wp-json\/wp\/v2\/media?parent=48907"}],"wp:term":[{"taxonomy":"pwb-brand","embeddable":true,"href":"https:\/\/corsishop.com\/it\/wp-json\/wp\/v2\/pwb-brand?post=48907"},{"taxonomy":"product_cat","embeddable":true,"href":"https:\/\/corsishop.com\/it\/wp-json\/wp\/v2\/product_cat?post=48907"},{"taxonomy":"product_tag","embeddable":true,"href":"https:\/\/corsishop.com\/it\/wp-json\/wp\/v2\/product_tag?post=48907"}],"curies":[{"name":"wp","href":"https:\/\/api.w.org\/{rel}","templated":true}]}}