{"id":51605,"date":"2017-06-05T00:00:00","date_gmt":"2017-06-04T22:00:00","guid":{"rendered":"https:\/\/corsishop.com\/riparazione-allargatura\/privacy-policy\/"},"modified":"2020-11-17T10:30:31","modified_gmt":"2020-11-17T09:30:31","slug":"privacy-policy","status":"publish","type":"page","link":"https:\/\/corsishop.com\/it\/privacy-policy\/","title":{"rendered":"Privacy Policy"},"content":{"rendered":"<p><a href=\"https:\/\/www.iubenda.com\/privacy-policy\/21912933\" class=\"iubenda-white no-brand iubenda-embed iub-body-embed\" title=\"Privacy Policy\">Privacy Policy<\/a><script type=\"text\/javascript\">(function (w,d) {var loader = function () {var s = d.createElement(\"script\"), tag = d.getElementsByTagName(\"script\")[0]; s.src=\"https:\/\/cdn.iubenda.com\/iubenda.js\"; tag.parentNode.insertBefore(s,tag);}; if(w.addEventListener){w.addEventListener(\"load\", loader, false);}else if(w.attachEvent){w.attachEvent(\"onload\", loader);}else{w.onload = loader;}})(window, document);<\/script><\/p>\n<p>1. Fermo restando quanto stabilito dagli articoli 8 e 21 del decreto legislativo 9 aprile 2003, n. 70, l&#8217;uso di sistemi automatizzati di chiamata o di comunicazione di chiamata senza l&#8217;intervento di un operatore per l&#8217;invio di materiale pubblicitario o di vendita diretta o per il compimento di ricerche di mercato o di comunicazione commerciale \u00e8 consentito con il consenso del contraente o utente. Resta in ogni caso fermo quanto previsto dall&#8217;articolo 1, comma 14, della legge 11 gennaio 2018, n. 5.<\/p>\n<p>2. La disposizione di cui al comma 1 si applica anche alle comunicazioni elettroniche, effettuate per le finalit\u00e0 ivi indicate, mediante posta elettronica, telefax, messaggi del tipo Mms (Multimedia Messaging Service) o Sms (Short Message Service) o di altro tipo.<\/p>\n<p>3. Fuori dei casi di cui ai commi 1 e 2, ulteriori comunicazioni per le finalit\u00e0 di cui ai medesimi commi effettuate con mezzi diversi da quelli ivi indicati, sono consentite ai sensi degli articoli 6 e 7 del Regolamento nonch\u00e9 ai sensi di quanto previsto dal comma 3-bis.<\/p>\n<p>3-bis. In deroga a quanto previsto dall&#8217;articolo 129, il trattamento dei dati di cui al comma 1 del predetto articolo, mediante l&#8217;impiego del telefono e della posta cartacea per le finalit\u00e0 di invio di materiale pubblicitario o di vendita diretta o per il compimento di ricerche di mercato o di comunicazione commerciale, \u00e8 consentito nei confronti di chi non abbia esercitato il diritto di opposizione, con modalit\u00e0 semplificate e anche in via telematica, mediante l&#8217;iscrizione della numerazione della quale \u00e8 intestatario e degli altri dati personali di cui al comma 1 del predetto articolo, in un registro pubblico delle opposizioni.<\/p>\n<p>3-ter. Il registro di cui al comma 3-bis \u00e8 istituito con decreto del Presidente della Repubblica da adottare ai sensi dell&#8217;articolo 17, comma 2, della legge 23 agosto 1988, n. 400, previa deliberazione del Consiglio dei ministri, acquisito il parere del Consiglio di Stato e delle Commissioni parlamentari competenti in materia, che si pronunciano entro trenta giorni dalla richiesta, nonch\u00e9, per i relativi profili di competenza, il parere dell&#8217;Autorit\u00e0 per le garanzie nelle comunicazioni, che si esprime entro il medesimo termine, secondo i seguenti criteri e principi generali:<\/p>\n<p>a) attribuzione dell&#8217;istituzione e della gestione del registro ad un ente o organismo pubblico titolare di competenze inerenti alla materia;<\/p>\n<p>b) previsione che l&#8217;ente o organismo deputato all&#8217;istituzione e alla gestione del registro vi provveda con le risorse umane e strumentali di cui dispone o affidandone la realizzazione e la gestione a terzi, che se ne assumono interamente gli oneri finanziari e organizzativi, mediante contratto di servizio, nel rispetto del codice dei contratti pubblici di cui al decreto legislativo 18 aprile 2016, n. 50. I soggetti che si avvalgono del registro per effettuare le comunicazioni corrispondono tariffe di accesso basate sugli effettivi costi di funzionamento e di manutenzione. Il Ministro dello sviluppo economico, con proprio provvedimento, determina tali tariffe;<\/p>\n<p>c) previsione che le modalit\u00e0 tecniche di funzionamento del registro consentano ad ogni utente di chiedere che sia iscritta la numerazione della quale \u00e8 intestatario secondo modalit\u00e0 semplificate ed anche in via telematica o telefonica;<\/p>\n<p>d) previsione di modalit\u00e0 tecniche di funzionamento e di accesso al registro mediante interrogazioni selettive che non consentano il trasferimento del dati presenti nel registro stesso, prevedendo il tracciamento delle operazioni compiute e la conservazione dei dati relativi agli accessi;<\/p>\n<p>e) disciplina delle tempistiche e delle modalit\u00e0 dell&#8217;iscrizione al registro, senza distinzione di settore di attivit\u00e0 o di categoria merceologica, e del relativo aggiornamento, nonch\u00e9 del correlativo periodo massimo di utilizzabilit\u00e0 dei dati verificati nel registro medesimo, prevedendosi che l&#8217;iscrizione abbia durata indefinita e sia revocabile in qualunque momento, mediante strumenti di facile utilizzo e gratuitamente;<\/p>\n<p>f)obbligo per i soggetti che effettuano trattamenti di dati per le finalit\u00e0 di invio di materiale pubblicitario o di vendita diretta o per il compimento di ricerche di mercato o di comunicazione commerciale, di garantire la presentazione dell&#8217;identificazione della linea chiamante e di fornire all&#8217;utente idonee informative, in particolare sulla possibilit\u00e0 e sulle modalit\u00e0 di iscrizione nel registro per opporsi a futuri contatti;<\/p>\n<p>g) previsione che l&#8217;iscrizione nel registro non precluda i trattamenti dei dati altrimenti acquisiti e trattati nel rispetto degli articoli 6 e 7 del Regolamento.<br \/>3-quater. La vigilanza e il controllo sull&#8217;organizzazione e il funzionamento del registro di cui al comma 3-bis e sul trattamento dei dati sono attribuiti al Garante.<\/p>\n<p>4. Fatto salvo quanto previsto nel comma 1 , se il titolare del trattamento utilizza, a fini di vendita diretta di propri prodotti o servizi, le coordinate di posta elettronica fornite dall&#8217;interessato nel contesto della vendita di un prodotto o di un servizio, pu\u00f2 non richiedere il consenso dell&#8217;interessato, sempre che si tratti di servizi analoghi a quelli oggetto della vendita e l&#8217;interessato, adeguatamente informato, non rifiuti tale uso, inizialmente o in occasione di successive comunicazioni. L&#8217;interessato, al momento della raccolta e in occasione dell&#8217;invio di ogni comunicazione effettuata per le finalit\u00e0 di cui al presente comma, \u00e8 informato della possibilit\u00e0 di opporsi in ogni momento al trattamento, in maniera agevole e gratuitamente.<\/p>\n<p>5. \u00c8 vietato in ogni caso l&#8217;invio di comunicazioni per le finalit\u00e0 di cui al comma 1 o, comunque, a scopo promozionale, effettuato camuffando o celando l&#8217;identit\u00e0 del mittente o in violazione dell&#8217;articolo 8 del decreto legislativo 9 aprile 2003, n. 70, o senza fornire un idoneo recapito presso il quale l&#8217;interessato possa esercitare i diritti di cui agli articoli da 15 a 22 del Regolamento, oppure esortando i destinatari a visitare siti web che violino il predetto articolo 8 del decreto legislativo n. 70 del 2003.<\/p>\n<p>6. In caso di reiterata violazione delle disposizioni di cui al presente articolo il Garante pu\u00f2, provvedendo ai sensi dell&#8217;articolo 58 del Regolamento, altres\u00ec prescrivere a fornitori di servizi di comunicazione elettronica di adottare procedure di filtraggio o altre misure praticabili relativamente alle coordinate di posta elettronica da cui sono stati inviate le comunicazioni.<\/p>\n","protected":false},"excerpt":{"rendered":"<p>Privacy Policy 1. Fermo restando quanto stabilito dagli articoli 8 e 21 del decreto legislativo 9 aprile 2003, n. 70, l&#8217;uso di sistemi automatizzati di chiamata o di comunicazione di chiamata senza l&#8217;intervento di un operatore per l&#8217;invio di materiale pubblicitario o di vendita diretta o per il compimento di ricerche di mercato o di&#8230;<\/p>\n","protected":false},"author":3,"featured_media":14286,"parent":0,"menu_order":0,"comment_status":"open","ping_status":"open","template":"","meta":[],"yoast_head":"<!-- This site is optimized with the Yoast SEO plugin v20.5 - https:\/\/yoast.com\/wordpress\/plugins\/seo\/ -->\n<title>Privacy Policy - Corsi Shop<\/title>\n<meta name=\"robots\" content=\"index, follow, max-snippet:-1, max-image-preview:large, max-video-preview:-1\" \/>\n<link rel=\"canonical\" href=\"https:\/\/corsishop.com\/it\/privacy-policy\/\" \/>\n<meta property=\"og:locale\" content=\"en_US\" \/>\n<meta property=\"og:type\" content=\"article\" \/>\n<meta property=\"og:title\" content=\"Privacy Policy - Corsi Shop\" \/>\n<meta property=\"og:description\" content=\"Privacy Policy 1. Fermo restando quanto stabilito dagli articoli 8 e 21 del decreto legislativo 9 aprile 2003, n. 70, l&#8217;uso di sistemi automatizzati di chiamata o di comunicazione di chiamata senza l&#8217;intervento di un operatore per l&#8217;invio di materiale pubblicitario o di vendita diretta o per il compimento di ricerche di mercato o di...\" \/>\n<meta property=\"og:url\" content=\"https:\/\/corsishop.com\/it\/privacy-policy\/\" \/>\n<meta property=\"og:site_name\" content=\"Corsi Shop\" \/>\n<meta property=\"article:publisher\" content=\"https:\/\/www.facebook.com\/Corsishop\" \/>\n<meta property=\"article:modified_time\" content=\"2020-11-17T09:30:31+00:00\" \/>\n<meta property=\"og:image\" content=\"https:\/\/corsishop.com\/wp-content\/uploads\/2017\/06\/10873591_1151996858153935_4882577877802610741_o.jpg\" \/>\n\t<meta property=\"og:image:width\" content=\"760\" \/>\n\t<meta property=\"og:image:height\" content=\"1000\" \/>\n\t<meta property=\"og:image:type\" content=\"image\/jpeg\" \/>\n<meta name=\"twitter:card\" content=\"summary_large_image\" \/>\n<meta name=\"twitter:label1\" content=\"Est. reading time\" \/>\n\t<meta name=\"twitter:data1\" content=\"5 minutes\" \/>\n<script type=\"application\/ld+json\" class=\"yoast-schema-graph\">{\"@context\":\"https:\/\/schema.org\",\"@graph\":[{\"@type\":\"WebPage\",\"@id\":\"https:\/\/corsishop.com\/it\/privacy-policy\/\",\"url\":\"https:\/\/corsishop.com\/it\/privacy-policy\/\",\"name\":\"Privacy Policy - Corsi Shop\",\"isPartOf\":{\"@id\":\"https:\/\/corsishop.com\/#website\"},\"datePublished\":\"2017-06-04T22:00:00+00:00\",\"dateModified\":\"2020-11-17T09:30:31+00:00\",\"breadcrumb\":{\"@id\":\"https:\/\/corsishop.com\/it\/privacy-policy\/#breadcrumb\"},\"inLanguage\":\"en-US\",\"potentialAction\":[{\"@type\":\"ReadAction\",\"target\":[\"https:\/\/corsishop.com\/it\/privacy-policy\/\"]}]},{\"@type\":\"BreadcrumbList\",\"@id\":\"https:\/\/corsishop.com\/it\/privacy-policy\/#breadcrumb\",\"itemListElement\":[{\"@type\":\"ListItem\",\"position\":1,\"name\":\"Home\",\"item\":\"https:\/\/corsishop.com\/\"},{\"@type\":\"ListItem\",\"position\":2,\"name\":\"Privacy Policy\"}]},{\"@type\":\"WebSite\",\"@id\":\"https:\/\/corsishop.com\/#website\",\"url\":\"https:\/\/corsishop.com\/\",\"name\":\"Corsi Shop\",\"description\":\"Vendita di Scarpe, accessori e abbigliamento dal 1948\",\"publisher\":{\"@id\":\"https:\/\/corsishop.com\/#organization\"},\"potentialAction\":[{\"@type\":\"SearchAction\",\"target\":{\"@type\":\"EntryPoint\",\"urlTemplate\":\"https:\/\/corsishop.com\/?s={search_term_string}\"},\"query-input\":\"required name=search_term_string\"}],\"inLanguage\":\"en-US\"},{\"@type\":\"Organization\",\"@id\":\"https:\/\/corsishop.com\/#organization\",\"name\":\"Corsi Shop\",\"url\":\"https:\/\/corsishop.com\/\",\"logo\":{\"@type\":\"ImageObject\",\"inLanguage\":\"en-US\",\"@id\":\"https:\/\/corsishop.com\/#\/schema\/logo\/image\/\",\"url\":\"https:\/\/corsishop.com\/wp-content\/uploads\/2020\/04\/logo.png\",\"contentUrl\":\"https:\/\/corsishop.com\/wp-content\/uploads\/2020\/04\/logo.png\",\"width\":376,\"height\":106,\"caption\":\"Corsi Shop\"},\"image\":{\"@id\":\"https:\/\/corsishop.com\/#\/schema\/logo\/image\/\"},\"sameAs\":[\"https:\/\/www.facebook.com\/Corsishop\"]}]}<\/script>\n<!-- \/ Yoast SEO plugin. -->","yoast_head_json":{"title":"Privacy Policy - Corsi Shop","robots":{"index":"index","follow":"follow","max-snippet":"max-snippet:-1","max-image-preview":"max-image-preview:large","max-video-preview":"max-video-preview:-1"},"canonical":"https:\/\/corsishop.com\/it\/privacy-policy\/","og_locale":"en_US","og_type":"article","og_title":"Privacy Policy - Corsi Shop","og_description":"Privacy Policy 1. Fermo restando quanto stabilito dagli articoli 8 e 21 del decreto legislativo 9 aprile 2003, n. 70, l&#8217;uso di sistemi automatizzati di chiamata o di comunicazione di chiamata senza l&#8217;intervento di un operatore per l&#8217;invio di materiale pubblicitario o di vendita diretta o per il compimento di ricerche di mercato o di...","og_url":"https:\/\/corsishop.com\/it\/privacy-policy\/","og_site_name":"Corsi Shop","article_publisher":"https:\/\/www.facebook.com\/Corsishop","article_modified_time":"2020-11-17T09:30:31+00:00","og_image":[{"width":760,"height":1000,"url":"https:\/\/corsishop.com\/wp-content\/uploads\/2017\/06\/10873591_1151996858153935_4882577877802610741_o.jpg","type":"image\/jpeg"}],"twitter_card":"summary_large_image","twitter_misc":{"Est. reading time":"5 minutes"},"schema":{"@context":"https:\/\/schema.org","@graph":[{"@type":"WebPage","@id":"https:\/\/corsishop.com\/it\/privacy-policy\/","url":"https:\/\/corsishop.com\/it\/privacy-policy\/","name":"Privacy Policy - Corsi Shop","isPartOf":{"@id":"https:\/\/corsishop.com\/#website"},"datePublished":"2017-06-04T22:00:00+00:00","dateModified":"2020-11-17T09:30:31+00:00","breadcrumb":{"@id":"https:\/\/corsishop.com\/it\/privacy-policy\/#breadcrumb"},"inLanguage":"en-US","potentialAction":[{"@type":"ReadAction","target":["https:\/\/corsishop.com\/it\/privacy-policy\/"]}]},{"@type":"BreadcrumbList","@id":"https:\/\/corsishop.com\/it\/privacy-policy\/#breadcrumb","itemListElement":[{"@type":"ListItem","position":1,"name":"Home","item":"https:\/\/corsishop.com\/"},{"@type":"ListItem","position":2,"name":"Privacy Policy"}]},{"@type":"WebSite","@id":"https:\/\/corsishop.com\/#website","url":"https:\/\/corsishop.com\/","name":"Corsi Shop","description":"Vendita di Scarpe, accessori e abbigliamento dal 1948","publisher":{"@id":"https:\/\/corsishop.com\/#organization"},"potentialAction":[{"@type":"SearchAction","target":{"@type":"EntryPoint","urlTemplate":"https:\/\/corsishop.com\/?s={search_term_string}"},"query-input":"required name=search_term_string"}],"inLanguage":"en-US"},{"@type":"Organization","@id":"https:\/\/corsishop.com\/#organization","name":"Corsi Shop","url":"https:\/\/corsishop.com\/","logo":{"@type":"ImageObject","inLanguage":"en-US","@id":"https:\/\/corsishop.com\/#\/schema\/logo\/image\/","url":"https:\/\/corsishop.com\/wp-content\/uploads\/2020\/04\/logo.png","contentUrl":"https:\/\/corsishop.com\/wp-content\/uploads\/2020\/04\/logo.png","width":376,"height":106,"caption":"Corsi Shop"},"image":{"@id":"https:\/\/corsishop.com\/#\/schema\/logo\/image\/"},"sameAs":["https:\/\/www.facebook.com\/Corsishop"]}]}},"_links":{"self":[{"href":"https:\/\/corsishop.com\/it\/wp-json\/wp\/v2\/pages\/51605"}],"collection":[{"href":"https:\/\/corsishop.com\/it\/wp-json\/wp\/v2\/pages"}],"about":[{"href":"https:\/\/corsishop.com\/it\/wp-json\/wp\/v2\/types\/page"}],"author":[{"embeddable":true,"href":"https:\/\/corsishop.com\/it\/wp-json\/wp\/v2\/users\/3"}],"replies":[{"embeddable":true,"href":"https:\/\/corsishop.com\/it\/wp-json\/wp\/v2\/comments?post=51605"}],"version-history":[{"count":2,"href":"https:\/\/corsishop.com\/it\/wp-json\/wp\/v2\/pages\/51605\/revisions"}],"predecessor-version":[{"id":55818,"href":"https:\/\/corsishop.com\/it\/wp-json\/wp\/v2\/pages\/51605\/revisions\/55818"}],"wp:featuredmedia":[{"embeddable":true,"href":"https:\/\/corsishop.com\/it\/wp-json\/wp\/v2\/media\/14286"}],"wp:attachment":[{"href":"https:\/\/corsishop.com\/it\/wp-json\/wp\/v2\/media?parent=51605"}],"curies":[{"name":"wp","href":"https:\/\/api.w.org\/{rel}","templated":true}]}}