{"id":51600,"date":"2017-04-24T00:00:00","date_gmt":"2017-04-23T22:00:00","guid":{"rendered":"https:\/\/corsishop.com\/noi-e-p-r-e-m-i-a-t-a\/chi-siamo\/"},"modified":"2020-07-21T16:30:10","modified_gmt":"2020-07-21T14:30:10","slug":"chi-siamo","status":"publish","type":"page","link":"https:\/\/corsishop.com\/it\/chi-siamo\/","title":{"rendered":"Chi siamo"},"content":{"rendered":"<div class=\"row\"  id=\"row-447779363\">\n\n\t<div id=\"col-1130617934\" class=\"col small-12 large-12\"  >\n\t\t\t\t<div class=\"col-inner\"  >\n\t\t\t\n\t\t\t\n\t<div class=\"img has-hover x md-x lg-x y md-y lg-y\" id=\"image_173064739\">\n\t\t\t\t\t\t\t\t<div class=\"img-inner dark\" >\n\t\t\t<img width=\"1020\" height=\"243\" src=\"https:\/\/corsishop.com\/wp-content\/uploads\/2020\/06\/rte-1400x334.jpg\" class=\"attachment-large size-large\" alt=\"\" decoding=\"async\" srcset=\"https:\/\/corsishop.com\/wp-content\/uploads\/2020\/06\/rte-1400x334.jpg 1400w, https:\/\/corsishop.com\/wp-content\/uploads\/2020\/06\/rte-800x191.jpg 800w, https:\/\/corsishop.com\/wp-content\/uploads\/2020\/06\/rte-768x183.jpg 768w, https:\/\/corsishop.com\/wp-content\/uploads\/2020\/06\/rte-1536x367.jpg 1536w, https:\/\/corsishop.com\/wp-content\/uploads\/2020\/06\/rte-2048x489.jpg 2048w, https:\/\/corsishop.com\/wp-content\/uploads\/2020\/06\/rte-325x78.jpg 325w, https:\/\/corsishop.com\/wp-content\/uploads\/2020\/06\/rte-670x160.jpg 670w\" sizes=\"(max-width: 1020px) 100vw, 1020px\" \/>\t\t\t\t\t\t\n\t\t\t\t\t<\/div>\n\t\t\t\t\t\t\t\t\n<style>\n#image_173064739 {\n  width: 100%;\n}\n<\/style>\n\t<\/div>\n\t\n<div class=\"is-divider divider clearfix\" style=\"margin-top:20px;margin-bottom:20px;height:0px;\"><\/div>\n<div class=\"colonna1\"><strong>Corsi Calzature nasce nel 1948<\/strong>\u00a0dai fratelli Rinaldo e Romano, per poi passare a Lucia e a suo marito Enrico. Ad oggi alla terza generazione, Francesco e Stefano ai quali si deve il brand on-line\u00a0<strong>Corsi Shop<\/strong>, Corsi ha sempre puntato sulla proposta di scarpe\u00a0di qualit\u00e0, senza tralasciare la comodit\u00e0 e l\u2019uso pratico delle cose, affiancando un servizio di eccellenza nella\u00a0cura del cliente e del prodotto acquistato, e\u00a0nella selezione dei brands.<\/div>\n<div class=\"colonna1\">Corsi Calzature si \u00e8 sempre distinto per il suo stile al passo con i tempi, senza rinunciare a valorizzare la\u00a0tradizione artigiana locale, trovando conferme delle scelte nelle\u00a0vetrine pi\u00f9 importanti di tutto il globo: da New York a Londra, Parigi e non per ultima Firenze.<br \/>Corsi Shop non \u00e8 soltanto vendita di calzature: da oltre mezzo secolo Corsi Calzature si distingue per la produzione di scarpe artigianali su misura, realizzate a mano, in particolare per sposi e cerimonie.<\/div>\n\t\t<\/div>\n\t\t\t\t\t<\/div>\n\n\t\n<\/div>\n<div class=\"row\"  id=\"row-1885086997\">\n\n\t<div id=\"col-1226314418\" class=\"col medium-3 small-6 large-3\"  >\n\t\t\t\t<div class=\"col-inner text-left\"  >\n\t\t\t\n\t\t\t\n\t<div class=\"img has-hover x md-x lg-x y md-y lg-y\" id=\"image_913981417\">\n\t\t\t\t\t\t\t\t<div class=\"img-inner dark\" >\n\t\t\t<img width=\"800\" height=\"800\" src=\"https:\/\/corsishop.com\/wp-content\/uploads\/2020\/06\/Tavola-da-disegno-1-copia-800x800.jpg\" class=\"attachment-large size-large\" alt=\"\" decoding=\"async\" srcset=\"https:\/\/corsishop.com\/wp-content\/uploads\/2020\/06\/Tavola-da-disegno-1-copia-800x800.jpg 800w, https:\/\/corsishop.com\/wp-content\/uploads\/2020\/06\/Tavola-da-disegno-1-copia-400x400.jpg 400w, https:\/\/corsishop.com\/wp-content\/uploads\/2020\/06\/Tavola-da-disegno-1-copia-280x280.jpg 280w, https:\/\/corsishop.com\/wp-content\/uploads\/2020\/06\/Tavola-da-disegno-1-copia-768x768.jpg 768w, https:\/\/corsishop.com\/wp-content\/uploads\/2020\/06\/Tavola-da-disegno-1-copia-325x325.jpg 325w, https:\/\/corsishop.com\/wp-content\/uploads\/2020\/06\/Tavola-da-disegno-1-copia-670x670.jpg 670w, https:\/\/corsishop.com\/wp-content\/uploads\/2020\/06\/Tavola-da-disegno-1-copia-100x100.jpg 100w, https:\/\/corsishop.com\/wp-content\/uploads\/2020\/06\/Tavola-da-disegno-1-copia.jpg 1000w\" sizes=\"(max-width: 800px) 100vw, 800px\" \/>\t\t\t\t\t\t\n\t\t\t\t\t<\/div>\n\t\t\t\t\t\t\t\t\n<style>\n#image_913981417 {\n  width: 100%;\n}\n<\/style>\n\t<\/div>\n\t\n<div class=\"container section-title-container\">\n<p class=\"p1\"><b>Stefano<\/b><\/p>\n<p class=\"p1\"><b>FASHION SHOES &amp; BAGS DESIGNER<\/b><\/p>\n<p class=\"p2\">Simpatico quanto professionale, Stefano \u00e8 il motore di Corsi Shop. Sempre pronto a ricorrere ai social per fornire informazioni e curiosit\u00e0 sul mondo delle calzature e dei suoi brand pi\u00f9 importanti. Diplomato al Polimoda di Firenze in Design di calzature a accessori, con il fratello Francesco ha dato impulso all\u2019e-shop che ora segue con passione, competenza e cortesia.<\/p>\n<\/div>\n\t\t<\/div>\n\t\t\t\t\t<\/div>\n\n\t\n\n\t<div id=\"col-2100434465\" class=\"col medium-3 small-6 large-3\"  >\n\t\t\t\t<div class=\"col-inner\"  >\n\t\t\t\n\t\t\t\n\t<div class=\"img has-hover x md-x lg-x y md-y lg-y\" id=\"image_1632159386\">\n\t\t\t\t\t\t\t\t<div class=\"img-inner image-cover dark\" style=\"padding-top:100%;\">\n\t\t\t<img width=\"443\" height=\"486\" src=\"https:\/\/corsishop.com\/wp-content\/uploads\/2020\/06\/Francesco-street-style-zoom-1.png\" class=\"attachment-large size-large\" alt=\"\" decoding=\"async\" srcset=\"https:\/\/corsishop.com\/wp-content\/uploads\/2020\/06\/Francesco-street-style-zoom-1.png 443w, https:\/\/corsishop.com\/wp-content\/uploads\/2020\/06\/Francesco-street-style-zoom-1-365x400.png 365w, https:\/\/corsishop.com\/wp-content\/uploads\/2020\/06\/Francesco-street-style-zoom-1-325x357.png 325w\" sizes=\"(max-width: 443px) 100vw, 443px\" \/>\t\t\t\t\t\t\n\t\t\t\t\t<\/div>\n\t\t\t\t\t\t\t\t\n<style>\n#image_1632159386 {\n  width: 100%;\n}\n<\/style>\n\t<\/div>\n\t\n<div class=\"container section-title-container\">\n<p class=\"p1\"><b>Francesco<\/b><\/p>\n<p class=\"p1\"><b>FASHION SHOES &amp; BAGS DESIGNER<\/b><\/p>\n<p class=\"p2\">Nel mondo delle calzature, i brand di qualit\u00e0 non hanno segreti per Francesco. Responsabile del negozio Corsi Calzature, divide il suo tempo tra l\u2019attenzione ai clienti e\u00a0l\u2019esplorazione del fashion shoes alla ricerca di nuovi brand e nuovi prodotti. Ha studiato al Polimoda come Stefano e con lui ha dato origine a Corsi Shop.<\/p>\n<\/div>\n\t\t<\/div>\n\t\t\t\t\t<\/div>\n\n\t\n\n\t<div id=\"col-350891288\" class=\"col medium-3 small-6 large-3\"  >\n\t\t\t\t<div class=\"col-inner\"  >\n\t\t\t\n\t\t\t\n\t<div class=\"img has-hover x md-x lg-x y md-y lg-y\" id=\"image_93869118\">\n\t\t\t\t\t\t\t\t<div class=\"img-inner dark\" >\n\t\t\t<img width=\"800\" height=\"800\" src=\"https:\/\/corsishop.com\/wp-content\/uploads\/2020\/06\/Tavola-da-disegno-1-copia-2-800x800.jpg\" class=\"attachment-large size-large\" alt=\"\" decoding=\"async\" srcset=\"https:\/\/corsishop.com\/wp-content\/uploads\/2020\/06\/Tavola-da-disegno-1-copia-2-800x800.jpg 800w, https:\/\/corsishop.com\/wp-content\/uploads\/2020\/06\/Tavola-da-disegno-1-copia-2-400x400.jpg 400w, https:\/\/corsishop.com\/wp-content\/uploads\/2020\/06\/Tavola-da-disegno-1-copia-2-280x280.jpg 280w, https:\/\/corsishop.com\/wp-content\/uploads\/2020\/06\/Tavola-da-disegno-1-copia-2-768x768.jpg 768w, https:\/\/corsishop.com\/wp-content\/uploads\/2020\/06\/Tavola-da-disegno-1-copia-2-325x325.jpg 325w, https:\/\/corsishop.com\/wp-content\/uploads\/2020\/06\/Tavola-da-disegno-1-copia-2-670x670.jpg 670w, https:\/\/corsishop.com\/wp-content\/uploads\/2020\/06\/Tavola-da-disegno-1-copia-2-100x100.jpg 100w, https:\/\/corsishop.com\/wp-content\/uploads\/2020\/06\/Tavola-da-disegno-1-copia-2.jpg 1000w\" sizes=\"(max-width: 800px) 100vw, 800px\" \/>\t\t\t\t\t\t\n\t\t\t\t\t<\/div>\n\t\t\t\t\t\t\t\t\n<style>\n#image_93869118 {\n  width: 100%;\n}\n<\/style>\n\t<\/div>\n\t\n<div class=\"container section-title-container\">\n<p class=\"p1\"><b>Lucia<\/b><\/p>\n<p class=\"p1\"><b>ESPERTA DI CALZATURE<\/b><\/p>\n<p class=\"p2\">Lucia \u00e8 l\u2019anima del commercio, \u00e8 la 2\u00b0 generazione Corsi che presa l\u2019eredit\u00e0 del padre Rinaldo e dello zio Romano l\u2019ha sviluppata dandole continuit\u00e0, trasmettendo poi la sua passione ai figli Stefano e Francesco. 50 anni di esperienza, competenza, sorriso e cortesia al vostro servizio.<\/p>\n<\/div>\n\t\t<\/div>\n\t\t\t\t\t<\/div>\n\n\t\n\n\t<div id=\"col-62076808\" class=\"col medium-3 small-6 large-3\"  >\n\t\t\t\t<div class=\"col-inner\"  >\n\t\t\t\n\t\t\t\n\t<div class=\"img has-hover x md-x lg-x y md-y lg-y\" id=\"image_1288582825\">\n\t\t\t\t\t\t\t\t<div class=\"img-inner image-cover dark\" style=\"padding-top:100%;\">\n\t\t\t<img width=\"1020\" height=\"680\" src=\"https:\/\/corsishop.com\/wp-content\/uploads\/2020\/06\/Enrico-al-lavoro.jpg\" class=\"attachment-large size-large\" alt=\"\" decoding=\"async\" srcset=\"https:\/\/corsishop.com\/wp-content\/uploads\/2020\/06\/Enrico-al-lavoro.jpg 1024w, https:\/\/corsishop.com\/wp-content\/uploads\/2020\/06\/Enrico-al-lavoro-600x400.jpg 600w, https:\/\/corsishop.com\/wp-content\/uploads\/2020\/06\/Enrico-al-lavoro-768x512.jpg 768w, https:\/\/corsishop.com\/wp-content\/uploads\/2020\/06\/Enrico-al-lavoro-325x217.jpg 325w, https:\/\/corsishop.com\/wp-content\/uploads\/2020\/06\/Enrico-al-lavoro-670x447.jpg 670w\" sizes=\"(max-width: 1020px) 100vw, 1020px\" \/>\t\t\t\t\t\t\n\t\t\t\t\t<\/div>\n\t\t\t\t\t\t\t\t\n<style>\n#image_1288582825 {\n  width: 100%;\n}\n<\/style>\n\t<\/div>\n\t\n<div class=\"container section-title-container\">\n<p class=\"p1\"><b>Enrico<\/b><\/p>\n<p class=\"p1\"><b>MAESTRO ARTIGIANO<\/b><\/p>\n<p class=\"p2\">Enrico \u00e8 un vero esperto nella personalizzazione delle scarpe, che modifica in base alle caratteristiche del piede e alle esigenze del cliente. Esegue le riparazioni da vero maestro artigiano, spingendo la sua abilit\u00e0 fino a creare anche alcuni modelli realizzati interamente a mano, selezionando scrupolosamente tutti i materiali utilizzati.<\/p>\n<\/div>\n\t\t<\/div>\n\t\t\t\t\t<\/div>\n\n\t\n<\/div>\n","protected":false},"excerpt":{"rendered":"","protected":false},"author":3,"featured_media":0,"parent":0,"menu_order":0,"comment_status":"open","ping_status":"open","template":"","meta":[],"yoast_head":"<!-- This site is optimized with the Yoast SEO plugin v20.5 - https:\/\/yoast.com\/wordpress\/plugins\/seo\/ -->\n<title>Chi siamo - Corsi Shop<\/title>\n<meta name=\"robots\" content=\"index, follow, max-snippet:-1, max-image-preview:large, max-video-preview:-1\" \/>\n<link rel=\"canonical\" href=\"https:\/\/corsishop.com\/it\/chi-siamo\/\" \/>\n<meta property=\"og:locale\" content=\"en_US\" \/>\n<meta property=\"og:type\" content=\"article\" \/>\n<meta property=\"og:title\" content=\"Chi siamo - Corsi Shop\" \/>\n<meta property=\"og:url\" content=\"https:\/\/corsishop.com\/it\/chi-siamo\/\" \/>\n<meta property=\"og:site_name\" content=\"Corsi Shop\" \/>\n<meta property=\"article:publisher\" content=\"https:\/\/www.facebook.com\/Corsishop\" \/>\n<meta property=\"article:modified_time\" content=\"2020-07-21T14:30:10+00:00\" \/>\n<meta name=\"twitter:card\" content=\"summary_large_image\" \/>\n<meta name=\"twitter:label1\" content=\"Est. reading time\" \/>\n\t<meta name=\"twitter:data1\" content=\"2 minutes\" \/>\n<script type=\"application\/ld+json\" class=\"yoast-schema-graph\">{\"@context\":\"https:\/\/schema.org\",\"@graph\":[{\"@type\":\"WebPage\",\"@id\":\"https:\/\/corsishop.com\/it\/chi-siamo\/\",\"url\":\"https:\/\/corsishop.com\/it\/chi-siamo\/\",\"name\":\"Chi siamo - Corsi Shop\",\"isPartOf\":{\"@id\":\"https:\/\/corsishop.com\/#website\"},\"datePublished\":\"2017-04-23T22:00:00+00:00\",\"dateModified\":\"2020-07-21T14:30:10+00:00\",\"breadcrumb\":{\"@id\":\"https:\/\/corsishop.com\/it\/chi-siamo\/#breadcrumb\"},\"inLanguage\":\"en-US\",\"potentialAction\":[{\"@type\":\"ReadAction\",\"target\":[\"https:\/\/corsishop.com\/it\/chi-siamo\/\"]}]},{\"@type\":\"BreadcrumbList\",\"@id\":\"https:\/\/corsishop.com\/it\/chi-siamo\/#breadcrumb\",\"itemListElement\":[{\"@type\":\"ListItem\",\"position\":1,\"name\":\"Home\",\"item\":\"https:\/\/corsishop.com\/\"},{\"@type\":\"ListItem\",\"position\":2,\"name\":\"Chi siamo\"}]},{\"@type\":\"WebSite\",\"@id\":\"https:\/\/corsishop.com\/#website\",\"url\":\"https:\/\/corsishop.com\/\",\"name\":\"Corsi Shop\",\"description\":\"Vendita di Scarpe, accessori e abbigliamento dal 1948\",\"publisher\":{\"@id\":\"https:\/\/corsishop.com\/#organization\"},\"potentialAction\":[{\"@type\":\"SearchAction\",\"target\":{\"@type\":\"EntryPoint\",\"urlTemplate\":\"https:\/\/corsishop.com\/?s={search_term_string}\"},\"query-input\":\"required name=search_term_string\"}],\"inLanguage\":\"en-US\"},{\"@type\":\"Organization\",\"@id\":\"https:\/\/corsishop.com\/#organization\",\"name\":\"Corsi Shop\",\"url\":\"https:\/\/corsishop.com\/\",\"logo\":{\"@type\":\"ImageObject\",\"inLanguage\":\"en-US\",\"@id\":\"https:\/\/corsishop.com\/#\/schema\/logo\/image\/\",\"url\":\"https:\/\/corsishop.com\/wp-content\/uploads\/2020\/04\/logo.png\",\"contentUrl\":\"https:\/\/corsishop.com\/wp-content\/uploads\/2020\/04\/logo.png\",\"width\":376,\"height\":106,\"caption\":\"Corsi Shop\"},\"image\":{\"@id\":\"https:\/\/corsishop.com\/#\/schema\/logo\/image\/\"},\"sameAs\":[\"https:\/\/www.facebook.com\/Corsishop\"]}]}<\/script>\n<!-- \/ Yoast SEO plugin. -->","yoast_head_json":{"title":"Chi siamo - Corsi Shop","robots":{"index":"index","follow":"follow","max-snippet":"max-snippet:-1","max-image-preview":"max-image-preview:large","max-video-preview":"max-video-preview:-1"},"canonical":"https:\/\/corsishop.com\/it\/chi-siamo\/","og_locale":"en_US","og_type":"article","og_title":"Chi siamo - Corsi Shop","og_url":"https:\/\/corsishop.com\/it\/chi-siamo\/","og_site_name":"Corsi Shop","article_publisher":"https:\/\/www.facebook.com\/Corsishop","article_modified_time":"2020-07-21T14:30:10+00:00","twitter_card":"summary_large_image","twitter_misc":{"Est. reading time":"2 minutes"},"schema":{"@context":"https:\/\/schema.org","@graph":[{"@type":"WebPage","@id":"https:\/\/corsishop.com\/it\/chi-siamo\/","url":"https:\/\/corsishop.com\/it\/chi-siamo\/","name":"Chi siamo - Corsi Shop","isPartOf":{"@id":"https:\/\/corsishop.com\/#website"},"datePublished":"2017-04-23T22:00:00+00:00","dateModified":"2020-07-21T14:30:10+00:00","breadcrumb":{"@id":"https:\/\/corsishop.com\/it\/chi-siamo\/#breadcrumb"},"inLanguage":"en-US","potentialAction":[{"@type":"ReadAction","target":["https:\/\/corsishop.com\/it\/chi-siamo\/"]}]},{"@type":"BreadcrumbList","@id":"https:\/\/corsishop.com\/it\/chi-siamo\/#breadcrumb","itemListElement":[{"@type":"ListItem","position":1,"name":"Home","item":"https:\/\/corsishop.com\/"},{"@type":"ListItem","position":2,"name":"Chi siamo"}]},{"@type":"WebSite","@id":"https:\/\/corsishop.com\/#website","url":"https:\/\/corsishop.com\/","name":"Corsi Shop","description":"Vendita di Scarpe, accessori e abbigliamento dal 1948","publisher":{"@id":"https:\/\/corsishop.com\/#organization"},"potentialAction":[{"@type":"SearchAction","target":{"@type":"EntryPoint","urlTemplate":"https:\/\/corsishop.com\/?s={search_term_string}"},"query-input":"required name=search_term_string"}],"inLanguage":"en-US"},{"@type":"Organization","@id":"https:\/\/corsishop.com\/#organization","name":"Corsi Shop","url":"https:\/\/corsishop.com\/","logo":{"@type":"ImageObject","inLanguage":"en-US","@id":"https:\/\/corsishop.com\/#\/schema\/logo\/image\/","url":"https:\/\/corsishop.com\/wp-content\/uploads\/2020\/04\/logo.png","contentUrl":"https:\/\/corsishop.com\/wp-content\/uploads\/2020\/04\/logo.png","width":376,"height":106,"caption":"Corsi Shop"},"image":{"@id":"https:\/\/corsishop.com\/#\/schema\/logo\/image\/"},"sameAs":["https:\/\/www.facebook.com\/Corsishop"]}]}},"_links":{"self":[{"href":"https:\/\/corsishop.com\/it\/wp-json\/wp\/v2\/pages\/51600"}],"collection":[{"href":"https:\/\/corsishop.com\/it\/wp-json\/wp\/v2\/pages"}],"about":[{"href":"https:\/\/corsishop.com\/it\/wp-json\/wp\/v2\/types\/page"}],"author":[{"embeddable":true,"href":"https:\/\/corsishop.com\/it\/wp-json\/wp\/v2\/users\/3"}],"replies":[{"embeddable":true,"href":"https:\/\/corsishop.com\/it\/wp-json\/wp\/v2\/comments?post=51600"}],"version-history":[{"count":2,"href":"https:\/\/corsishop.com\/it\/wp-json\/wp\/v2\/pages\/51600\/revisions"}],"predecessor-version":[{"id":52916,"href":"https:\/\/corsishop.com\/it\/wp-json\/wp\/v2\/pages\/51600\/revisions\/52916"}],"wp:attachment":[{"href":"https:\/\/corsishop.com\/it\/wp-json\/wp\/v2\/media?parent=51600"}],"curies":[{"name":"wp","href":"https:\/\/api.w.org\/{rel}","templated":true}]}}