{"id":68373,"date":"2022-04-11T16:26:50","date_gmt":"2022-04-11T14:26:50","guid":{"rendered":"https:\/\/corsishop.com\/?post_type=product&#038;p=68373"},"modified":"2024-07-31T19:24:25","modified_gmt":"2024-07-31T17:24:25","slug":"universal-works-vacation-polo-pale-blue","status":"publish","type":"product","link":"https:\/\/corsishop.com\/it\/uomo\/universal-works-vacation-polo-pale-blue\/","title":{"rendered":"Universal Works Vacation Polo Pale Blue"},"content":{"rendered":"","protected":false},"excerpt":{"rendered":"<p>Universal Works Vacation Polo Pale Blue,<\/p>\n<p>La Vacation Polo \u00e8 progettata per essere indossata con qualsiasi outfit. Ha una vestibilit\u00e0 super confortevole e rilassata. Il piquet \u00e8 un morbido tessuto di cotone con una trama leggermente strutturata. Confortevole, traspirante e perfetto per l&#8217;uso quotidiano.<\/p>\n","protected":false},"featured_media":68377,"template":"","meta":[],"pwb-brand":[739],"product_cat":[68,73],"product_tag":[743,1254],"yoast_head":"<!-- This site is optimized with the Yoast SEO plugin v20.5 - https:\/\/yoast.com\/wordpress\/plugins\/seo\/ -->\n<title>Universal Works Vacation Polo Pale Blue | Corsi Shop<\/title>\n<meta name=\"description\" content=\"Universal Works Vacation Polo Pale Blue, \u20ac 75,00. -10% Sconto Newsletter. Spedizione Express 24\/48h. Guarda la collezione su www.corsishop.com\" \/>\n<meta name=\"robots\" content=\"index, follow, max-snippet:-1, max-image-preview:large, max-video-preview:-1\" \/>\n<link rel=\"canonical\" href=\"https:\/\/corsishop.com\/en\/uomo\/universal-works-vacation-polo-pale-blue\/\" \/>\n<meta property=\"og:locale\" content=\"en_US\" \/>\n<meta property=\"og:type\" content=\"article\" \/>\n<meta property=\"og:title\" content=\"Universal Works Vacation Polo Pale Blue | Corsi Shop\" \/>\n<meta property=\"og:description\" content=\"Universal Works Vacation Polo Pale Blue, \u20ac 75,00. -10% Sconto Newsletter. Spedizione Express 24\/48h. Guarda la collezione su www.corsishop.com\" \/>\n<meta property=\"og:url\" content=\"https:\/\/corsishop.com\/it\/uomo\/universal-works-vacation-polo-pale-blue\/\" \/>\n<meta property=\"og:site_name\" content=\"Corsi Shop\" \/>\n<meta property=\"article:publisher\" content=\"https:\/\/www.facebook.com\/Corsishop\" \/>\n<meta property=\"article:modified_time\" content=\"2024-07-31T17:24:25+00:00\" \/>\n<meta property=\"og:image\" content=\"https:\/\/corsishop.com\/wp-content\/uploads\/2022\/04\/Universal-Works-Vacation-Polo-Pale-Blue.jpg\" \/>\n\t<meta property=\"og:image:width\" content=\"1018\" \/>\n\t<meta property=\"og:image:height\" content=\"1340\" \/>\n\t<meta property=\"og:image:type\" content=\"image\/jpeg\" \/>\n<meta name=\"twitter:card\" content=\"summary_large_image\" \/>\n<script type=\"application\/ld+json\" class=\"yoast-schema-graph\">{\"@context\":\"https:\/\/schema.org\",\"@graph\":[{\"@type\":\"WebPage\",\"@id\":\"https:\/\/corsishop.com\/it\/uomo\/universal-works-vacation-polo-pale-blue\/\",\"url\":\"https:\/\/corsishop.com\/it\/uomo\/universal-works-vacation-polo-pale-blue\/\",\"name\":\"Universal Works Vacation Polo Pale Blue | Corsi Shop\",\"isPartOf\":{\"@id\":\"https:\/\/corsishop.com\/#website\"},\"datePublished\":\"2022-04-11T14:26:50+00:00\",\"dateModified\":\"2024-07-31T17:24:25+00:00\",\"description\":\"Universal Works Vacation Polo Pale Blue, \u20ac 75,00. -10% Sconto Newsletter. Spedizione Express 24\/48h. Guarda la collezione su www.corsishop.com\",\"breadcrumb\":{\"@id\":\"https:\/\/corsishop.com\/it\/uomo\/universal-works-vacation-polo-pale-blue\/#breadcrumb\"},\"inLanguage\":\"en-US\",\"potentialAction\":[{\"@type\":\"ReadAction\",\"target\":[\"https:\/\/corsishop.com\/it\/uomo\/universal-works-vacation-polo-pale-blue\/\"]}]},{\"@type\":\"BreadcrumbList\",\"@id\":\"https:\/\/corsishop.com\/it\/uomo\/universal-works-vacation-polo-pale-blue\/#breadcrumb\",\"itemListElement\":[{\"@type\":\"ListItem\",\"position\":1,\"name\":\"Home\",\"item\":\"https:\/\/corsishop.com\/\"},{\"@type\":\"ListItem\",\"position\":2,\"name\":\"Shop\",\"item\":\"https:\/\/corsishop.com\/shop\/\"},{\"@type\":\"ListItem\",\"position\":3,\"name\":\"Universal Works Vacation Polo Pale Blue\"}]},{\"@type\":\"WebSite\",\"@id\":\"https:\/\/corsishop.com\/#website\",\"url\":\"https:\/\/corsishop.com\/\",\"name\":\"Corsi Shop\",\"description\":\"Vendita di Scarpe, accessori e abbigliamento dal 1948\",\"publisher\":{\"@id\":\"https:\/\/corsishop.com\/#organization\"},\"potentialAction\":[{\"@type\":\"SearchAction\",\"target\":{\"@type\":\"EntryPoint\",\"urlTemplate\":\"https:\/\/corsishop.com\/?s={search_term_string}\"},\"query-input\":\"required name=search_term_string\"}],\"inLanguage\":\"en-US\"},{\"@type\":\"Organization\",\"@id\":\"https:\/\/corsishop.com\/#organization\",\"name\":\"Corsi Shop\",\"url\":\"https:\/\/corsishop.com\/\",\"logo\":{\"@type\":\"ImageObject\",\"inLanguage\":\"en-US\",\"@id\":\"https:\/\/corsishop.com\/#\/schema\/logo\/image\/\",\"url\":\"https:\/\/corsishop.com\/wp-content\/uploads\/2020\/04\/logo.png\",\"contentUrl\":\"https:\/\/corsishop.com\/wp-content\/uploads\/2020\/04\/logo.png\",\"width\":376,\"height\":106,\"caption\":\"Corsi Shop\"},\"image\":{\"@id\":\"https:\/\/corsishop.com\/#\/schema\/logo\/image\/\"},\"sameAs\":[\"https:\/\/www.facebook.com\/Corsishop\"]}]}<\/script>\n<!-- \/ Yoast SEO plugin. -->","yoast_head_json":{"title":"Universal Works Vacation Polo Pale Blue | Corsi Shop","description":"Universal Works Vacation Polo Pale Blue, \u20ac 75,00. -10% Sconto Newsletter. Spedizione Express 24\/48h. Guarda la collezione su www.corsishop.com","robots":{"index":"index","follow":"follow","max-snippet":"max-snippet:-1","max-image-preview":"max-image-preview:large","max-video-preview":"max-video-preview:-1"},"canonical":"https:\/\/corsishop.com\/en\/uomo\/universal-works-vacation-polo-pale-blue\/","og_locale":"en_US","og_type":"article","og_title":"Universal Works Vacation Polo Pale Blue | Corsi Shop","og_description":"Universal Works Vacation Polo Pale Blue, \u20ac 75,00. -10% Sconto Newsletter. Spedizione Express 24\/48h. Guarda la collezione su www.corsishop.com","og_url":"https:\/\/corsishop.com\/it\/uomo\/universal-works-vacation-polo-pale-blue\/","og_site_name":"Corsi Shop","article_publisher":"https:\/\/www.facebook.com\/Corsishop","article_modified_time":"2024-07-31T17:24:25+00:00","og_image":[{"width":1018,"height":1340,"url":"https:\/\/corsishop.com\/wp-content\/uploads\/2022\/04\/Universal-Works-Vacation-Polo-Pale-Blue.jpg","type":"image\/jpeg"}],"twitter_card":"summary_large_image","schema":{"@context":"https:\/\/schema.org","@graph":[{"@type":"WebPage","@id":"https:\/\/corsishop.com\/it\/uomo\/universal-works-vacation-polo-pale-blue\/","url":"https:\/\/corsishop.com\/it\/uomo\/universal-works-vacation-polo-pale-blue\/","name":"Universal Works Vacation Polo Pale Blue | Corsi Shop","isPartOf":{"@id":"https:\/\/corsishop.com\/#website"},"datePublished":"2022-04-11T14:26:50+00:00","dateModified":"2024-07-31T17:24:25+00:00","description":"Universal Works Vacation Polo Pale Blue, \u20ac 75,00. -10% Sconto Newsletter. Spedizione Express 24\/48h. Guarda la collezione su www.corsishop.com","breadcrumb":{"@id":"https:\/\/corsishop.com\/it\/uomo\/universal-works-vacation-polo-pale-blue\/#breadcrumb"},"inLanguage":"en-US","potentialAction":[{"@type":"ReadAction","target":["https:\/\/corsishop.com\/it\/uomo\/universal-works-vacation-polo-pale-blue\/"]}]},{"@type":"BreadcrumbList","@id":"https:\/\/corsishop.com\/it\/uomo\/universal-works-vacation-polo-pale-blue\/#breadcrumb","itemListElement":[{"@type":"ListItem","position":1,"name":"Home","item":"https:\/\/corsishop.com\/"},{"@type":"ListItem","position":2,"name":"Shop","item":"https:\/\/corsishop.com\/shop\/"},{"@type":"ListItem","position":3,"name":"Universal Works Vacation Polo Pale Blue"}]},{"@type":"WebSite","@id":"https:\/\/corsishop.com\/#website","url":"https:\/\/corsishop.com\/","name":"Corsi Shop","description":"Vendita di Scarpe, accessori e abbigliamento dal 1948","publisher":{"@id":"https:\/\/corsishop.com\/#organization"},"potentialAction":[{"@type":"SearchAction","target":{"@type":"EntryPoint","urlTemplate":"https:\/\/corsishop.com\/?s={search_term_string}"},"query-input":"required name=search_term_string"}],"inLanguage":"en-US"},{"@type":"Organization","@id":"https:\/\/corsishop.com\/#organization","name":"Corsi Shop","url":"https:\/\/corsishop.com\/","logo":{"@type":"ImageObject","inLanguage":"en-US","@id":"https:\/\/corsishop.com\/#\/schema\/logo\/image\/","url":"https:\/\/corsishop.com\/wp-content\/uploads\/2020\/04\/logo.png","contentUrl":"https:\/\/corsishop.com\/wp-content\/uploads\/2020\/04\/logo.png","width":376,"height":106,"caption":"Corsi Shop"},"image":{"@id":"https:\/\/corsishop.com\/#\/schema\/logo\/image\/"},"sameAs":["https:\/\/www.facebook.com\/Corsishop"]}]}},"brands":[{"id":739,"name":"Universal Works","slug":"universal-works"}],"_links":{"self":[{"href":"https:\/\/corsishop.com\/en\/wp-json\/wp\/v3\/product\/68373"}],"collection":[{"href":"https:\/\/corsishop.com\/en\/wp-json\/wp\/v3\/product"}],"about":[{"href":"https:\/\/corsishop.com\/en\/wp-json\/wp\/v2\/types\/product"}],"wp:featuredmedia":[{"embeddable":true,"href":"https:\/\/corsishop.com\/en\/wp-json\/wp\/v2\/media\/68377"}],"wp:attachment":[{"href":"https:\/\/corsishop.com\/en\/wp-json\/wp\/v2\/media?parent=68373"}],"wp:term":[{"taxonomy":"pwb-brand","embeddable":true,"href":"https:\/\/corsishop.com\/en\/wp-json\/wp\/v2\/pwb-brand?post=68373"},{"taxonomy":"product_cat","embeddable":true,"href":"https:\/\/corsishop.com\/en\/wp-json\/wp\/v2\/product_cat?post=68373"},{"taxonomy":"product_tag","embeddable":true,"href":"https:\/\/corsishop.com\/en\/wp-json\/wp\/v2\/product_tag?post=68373"}],"curies":[{"name":"wp","href":"https:\/\/api.w.org\/{rel}","templated":true}]}}