{"id":65622,"date":"2022-02-16T11:23:16","date_gmt":"2022-02-16T10:23:16","guid":{"rendered":"https:\/\/corsishop.com\/?post_type=product&#038;p=65622"},"modified":"2024-03-22T18:58:31","modified_gmt":"2024-03-22T17:58:31","slug":"john-smedley-roth-pique-black","status":"publish","type":"product","link":"https:\/\/corsishop.com\/it\/uomo\/john-smedley-roth-pique-black\/","title":{"rendered":"John Smedley Roth Pique Black"},"content":{"rendered":"","protected":false},"excerpt":{"rendered":"<p>John Smedley Roth Pique Black,<\/p>\n<p>Roth \u00e8 simile alla polo Adrian ma offre un punto intrecciato in piquet. La polo a maniche corte \u00e8 stata finemente lavorata a maglia in un leggero cotone John Smedley Sea Island per una finitura che consente al capo di essere indossato indipendentemente nei climi pi\u00f9 caldi e incoraggia la stratificazione nei climi pi\u00f9 rigidi. Abbinalo a un cardigan per uno stile senza tempo o, per un affare pi\u00f9 casual, abbina un denim scuro e una giacca aderente.<\/p>\n<ul>\n<li>Cotone Sea Island di John Smedley<\/li>\n<li>Vestibilit\u00e0 standard<\/li>\n<li>Lavare a 30\u00b0C<\/li>\n<li>Made in England<\/li>\n<\/ul>\n","protected":false},"featured_media":65632,"template":"","meta":[],"pwb-brand":[1440],"product_cat":[68,73],"product_tag":[1444,743,728],"yoast_head":"<!-- This site is optimized with the Yoast SEO plugin v20.5 - https:\/\/yoast.com\/wordpress\/plugins\/seo\/ -->\n<title>John Smedley Roth Pique Black | John Smedley | Corsi Shop<\/title>\n<meta name=\"description\" content=\"John Smedley Roth Pique Black, \u20ac 205,00. -10% Sconto Newsletter. Spedizione Express 24\/48h. Guarda la collezione su www.corsishop.com\" \/>\n<meta name=\"robots\" content=\"index, follow, max-snippet:-1, max-image-preview:large, max-video-preview:-1\" \/>\n<link rel=\"canonical\" href=\"https:\/\/corsishop.com\/en\/uomo\/john-smedley-roth-pique-black\/\" \/>\n<meta property=\"og:locale\" content=\"en_US\" \/>\n<meta property=\"og:type\" content=\"article\" \/>\n<meta property=\"og:title\" content=\"John Smedley Roth Pique Black | John Smedley | Corsi Shop\" \/>\n<meta property=\"og:description\" content=\"John Smedley Roth Pique Black, \u20ac 205,00. -10% Sconto Newsletter. Spedizione Express 24\/48h. Guarda la collezione su www.corsishop.com\" \/>\n<meta property=\"og:url\" content=\"https:\/\/corsishop.com\/it\/uomo\/john-smedley-roth-pique-black\/\" \/>\n<meta property=\"og:site_name\" content=\"Corsi Shop\" \/>\n<meta property=\"article:publisher\" content=\"https:\/\/www.facebook.com\/Corsishop\" \/>\n<meta property=\"article:modified_time\" content=\"2024-03-22T17:58:31+00:00\" \/>\n<meta property=\"og:image\" content=\"https:\/\/corsishop.com\/wp-content\/uploads\/2022\/02\/John-Smedley-Roth-Pique-Black.jpg\" \/>\n\t<meta property=\"og:image:width\" content=\"1018\" \/>\n\t<meta property=\"og:image:height\" content=\"1340\" \/>\n\t<meta property=\"og:image:type\" content=\"image\/jpeg\" \/>\n<meta name=\"twitter:card\" content=\"summary_large_image\" \/>\n<script type=\"application\/ld+json\" class=\"yoast-schema-graph\">{\"@context\":\"https:\/\/schema.org\",\"@graph\":[{\"@type\":\"WebPage\",\"@id\":\"https:\/\/corsishop.com\/it\/uomo\/john-smedley-roth-pique-black\/\",\"url\":\"https:\/\/corsishop.com\/it\/uomo\/john-smedley-roth-pique-black\/\",\"name\":\"John Smedley Roth Pique Black | John Smedley | Corsi Shop\",\"isPartOf\":{\"@id\":\"https:\/\/corsishop.com\/#website\"},\"datePublished\":\"2022-02-16T10:23:16+00:00\",\"dateModified\":\"2024-03-22T17:58:31+00:00\",\"description\":\"John Smedley Roth Pique Black, \u20ac 205,00. -10% Sconto Newsletter. Spedizione Express 24\/48h. Guarda la collezione su www.corsishop.com\",\"breadcrumb\":{\"@id\":\"https:\/\/corsishop.com\/it\/uomo\/john-smedley-roth-pique-black\/#breadcrumb\"},\"inLanguage\":\"en-US\",\"potentialAction\":[{\"@type\":\"ReadAction\",\"target\":[\"https:\/\/corsishop.com\/it\/uomo\/john-smedley-roth-pique-black\/\"]}]},{\"@type\":\"BreadcrumbList\",\"@id\":\"https:\/\/corsishop.com\/it\/uomo\/john-smedley-roth-pique-black\/#breadcrumb\",\"itemListElement\":[{\"@type\":\"ListItem\",\"position\":1,\"name\":\"Home\",\"item\":\"https:\/\/corsishop.com\/\"},{\"@type\":\"ListItem\",\"position\":2,\"name\":\"Shop\",\"item\":\"https:\/\/corsishop.com\/shop\/\"},{\"@type\":\"ListItem\",\"position\":3,\"name\":\"John Smedley Roth Pique Black\"}]},{\"@type\":\"WebSite\",\"@id\":\"https:\/\/corsishop.com\/#website\",\"url\":\"https:\/\/corsishop.com\/\",\"name\":\"Corsi Shop\",\"description\":\"Vendita di Scarpe, accessori e abbigliamento dal 1948\",\"publisher\":{\"@id\":\"https:\/\/corsishop.com\/#organization\"},\"potentialAction\":[{\"@type\":\"SearchAction\",\"target\":{\"@type\":\"EntryPoint\",\"urlTemplate\":\"https:\/\/corsishop.com\/?s={search_term_string}\"},\"query-input\":\"required name=search_term_string\"}],\"inLanguage\":\"en-US\"},{\"@type\":\"Organization\",\"@id\":\"https:\/\/corsishop.com\/#organization\",\"name\":\"Corsi Shop\",\"url\":\"https:\/\/corsishop.com\/\",\"logo\":{\"@type\":\"ImageObject\",\"inLanguage\":\"en-US\",\"@id\":\"https:\/\/corsishop.com\/#\/schema\/logo\/image\/\",\"url\":\"https:\/\/corsishop.com\/wp-content\/uploads\/2020\/04\/logo.png\",\"contentUrl\":\"https:\/\/corsishop.com\/wp-content\/uploads\/2020\/04\/logo.png\",\"width\":376,\"height\":106,\"caption\":\"Corsi Shop\"},\"image\":{\"@id\":\"https:\/\/corsishop.com\/#\/schema\/logo\/image\/\"},\"sameAs\":[\"https:\/\/www.facebook.com\/Corsishop\"]}]}<\/script>\n<!-- \/ Yoast SEO plugin. -->","yoast_head_json":{"title":"John Smedley Roth Pique Black | John Smedley | Corsi Shop","description":"John Smedley Roth Pique Black, \u20ac 205,00. -10% Sconto Newsletter. Spedizione Express 24\/48h. Guarda la collezione su www.corsishop.com","robots":{"index":"index","follow":"follow","max-snippet":"max-snippet:-1","max-image-preview":"max-image-preview:large","max-video-preview":"max-video-preview:-1"},"canonical":"https:\/\/corsishop.com\/en\/uomo\/john-smedley-roth-pique-black\/","og_locale":"en_US","og_type":"article","og_title":"John Smedley Roth Pique Black | John Smedley | Corsi Shop","og_description":"John Smedley Roth Pique Black, \u20ac 205,00. -10% Sconto Newsletter. Spedizione Express 24\/48h. Guarda la collezione su www.corsishop.com","og_url":"https:\/\/corsishop.com\/it\/uomo\/john-smedley-roth-pique-black\/","og_site_name":"Corsi Shop","article_publisher":"https:\/\/www.facebook.com\/Corsishop","article_modified_time":"2024-03-22T17:58:31+00:00","og_image":[{"width":1018,"height":1340,"url":"https:\/\/corsishop.com\/wp-content\/uploads\/2022\/02\/John-Smedley-Roth-Pique-Black.jpg","type":"image\/jpeg"}],"twitter_card":"summary_large_image","schema":{"@context":"https:\/\/schema.org","@graph":[{"@type":"WebPage","@id":"https:\/\/corsishop.com\/it\/uomo\/john-smedley-roth-pique-black\/","url":"https:\/\/corsishop.com\/it\/uomo\/john-smedley-roth-pique-black\/","name":"John Smedley Roth Pique Black | John Smedley | Corsi Shop","isPartOf":{"@id":"https:\/\/corsishop.com\/#website"},"datePublished":"2022-02-16T10:23:16+00:00","dateModified":"2024-03-22T17:58:31+00:00","description":"John Smedley Roth Pique Black, \u20ac 205,00. -10% Sconto Newsletter. Spedizione Express 24\/48h. Guarda la collezione su www.corsishop.com","breadcrumb":{"@id":"https:\/\/corsishop.com\/it\/uomo\/john-smedley-roth-pique-black\/#breadcrumb"},"inLanguage":"en-US","potentialAction":[{"@type":"ReadAction","target":["https:\/\/corsishop.com\/it\/uomo\/john-smedley-roth-pique-black\/"]}]},{"@type":"BreadcrumbList","@id":"https:\/\/corsishop.com\/it\/uomo\/john-smedley-roth-pique-black\/#breadcrumb","itemListElement":[{"@type":"ListItem","position":1,"name":"Home","item":"https:\/\/corsishop.com\/"},{"@type":"ListItem","position":2,"name":"Shop","item":"https:\/\/corsishop.com\/shop\/"},{"@type":"ListItem","position":3,"name":"John Smedley Roth Pique Black"}]},{"@type":"WebSite","@id":"https:\/\/corsishop.com\/#website","url":"https:\/\/corsishop.com\/","name":"Corsi Shop","description":"Vendita di Scarpe, accessori e abbigliamento dal 1948","publisher":{"@id":"https:\/\/corsishop.com\/#organization"},"potentialAction":[{"@type":"SearchAction","target":{"@type":"EntryPoint","urlTemplate":"https:\/\/corsishop.com\/?s={search_term_string}"},"query-input":"required name=search_term_string"}],"inLanguage":"en-US"},{"@type":"Organization","@id":"https:\/\/corsishop.com\/#organization","name":"Corsi Shop","url":"https:\/\/corsishop.com\/","logo":{"@type":"ImageObject","inLanguage":"en-US","@id":"https:\/\/corsishop.com\/#\/schema\/logo\/image\/","url":"https:\/\/corsishop.com\/wp-content\/uploads\/2020\/04\/logo.png","contentUrl":"https:\/\/corsishop.com\/wp-content\/uploads\/2020\/04\/logo.png","width":376,"height":106,"caption":"Corsi Shop"},"image":{"@id":"https:\/\/corsishop.com\/#\/schema\/logo\/image\/"},"sameAs":["https:\/\/www.facebook.com\/Corsishop"]}]}},"brands":[{"id":1440,"name":"John Smedley","slug":"john-smedley"}],"_links":{"self":[{"href":"https:\/\/corsishop.com\/en\/wp-json\/wp\/v3\/product\/65622"}],"collection":[{"href":"https:\/\/corsishop.com\/en\/wp-json\/wp\/v3\/product"}],"about":[{"href":"https:\/\/corsishop.com\/en\/wp-json\/wp\/v2\/types\/product"}],"wp:featuredmedia":[{"embeddable":true,"href":"https:\/\/corsishop.com\/en\/wp-json\/wp\/v2\/media\/65632"}],"wp:attachment":[{"href":"https:\/\/corsishop.com\/en\/wp-json\/wp\/v2\/media?parent=65622"}],"wp:term":[{"taxonomy":"pwb-brand","embeddable":true,"href":"https:\/\/corsishop.com\/en\/wp-json\/wp\/v2\/pwb-brand?post=65622"},{"taxonomy":"product_cat","embeddable":true,"href":"https:\/\/corsishop.com\/en\/wp-json\/wp\/v2\/product_cat?post=65622"},{"taxonomy":"product_tag","embeddable":true,"href":"https:\/\/corsishop.com\/en\/wp-json\/wp\/v2\/product_tag?post=65622"}],"curies":[{"name":"wp","href":"https:\/\/api.w.org\/{rel}","templated":true}]}}