{"id":29002,"date":"2018-09-04T11:58:28","date_gmt":"2018-09-04T10:58:28","guid":{"rendered":"https:\/\/corsishop.com\/?post_type=product&#038;p=29002"},"modified":"2024-03-13T11:31:00","modified_gmt":"2024-03-13T10:31:00","slug":"red-wing-3365-iron-ranger-amber-harness","status":"publish","type":"product","link":"https:\/\/corsishop.com\/it\/scarpe-donna\/red-wing-3365-iron-ranger-amber-harness\/","title":{"rendered":"Red Wing 3365 Iron Ranger Amber Harness"},"content":{"rendered":"","protected":false},"excerpt":{"rendered":"<p>Red Wing 3365 Iron Ranger Amber Harness,<\/p>\n<p>Il modello Iron Ranger 3365 Amber Harness \u00e8 uno stile da donna di Red Wing Shoes della collezione Core. La collezione Core presenta gli stili pi\u00f9 popolari della collezione uomo, completamente ridisegnata con pellame di mucca pi\u00f9 liscio e una soletta pi\u00f9 morbida, per uno stivale molto pi\u00f9 confortevole ma resistente come la collezione da uomo. Iron Ranger 3365 reinterpreta la Classica Iron Ranger della collezione Heritage, ispirata alla Mesabi Iron Ranger nel Minnesota del Nord. Il modello Red Wing Iron Ranger \u00e8 facilmente riconoscibile per la sua doppia punta in pelle per la sicurezza e la protezione extra sul tallone per un miglior supporto. La pelle Red Wing Amber Harness \u00e8 una pelle naturale senza alcun pigmento. Pertanto invecchia magnificamente e tutti i segni naturali rimangono visibili. L&#8217;Iron Ranger \u00e8 costruito su una suola Vibram 430 Lug con un guardolo Goodyear. Il 3365 Iron Ranger \u00e8 dotato di lacci Taslan nero-marrone.<\/p>\n","protected":false},"featured_media":31573,"template":"","meta":[],"pwb-brand":[268],"product_cat":[69,71],"product_tag":[162],"yoast_head":"<!-- This site is optimized with the Yoast SEO plugin v20.5 - https:\/\/yoast.com\/wordpress\/plugins\/seo\/ -->\n<title>Red Wing 3365 Iron Ranger Amber Harness: Red Wing Shoes Donna<\/title>\n<meta name=\"description\" content=\"Red Wing 3365 Iron Ranger Amber Harness, \u20ac 319,00. -10% Sconto Newsletter. Spedizione Standard Gratuita. Guarda la collezione su www.corsishop.com\" \/>\n<meta name=\"robots\" content=\"index, follow, max-snippet:-1, max-image-preview:large, max-video-preview:-1\" \/>\n<link rel=\"canonical\" href=\"https:\/\/corsishop.com\/en\/scarpe-donna\/red-wing-3365-iron-ranger-amber-harness\/\" \/>\n<meta property=\"og:locale\" content=\"en_US\" \/>\n<meta property=\"og:type\" content=\"article\" \/>\n<meta property=\"og:title\" content=\"Red Wing 3365 Iron Ranger Amber Harness: Red Wing Shoes Donna\" \/>\n<meta property=\"og:description\" content=\"Red Wing 3365 Iron Ranger Amber Harness, \u20ac 319,00. -10% Sconto Newsletter. Spedizione Standard Gratuita. Guarda la collezione su www.corsishop.com\" \/>\n<meta property=\"og:url\" content=\"https:\/\/corsishop.com\/it\/scarpe-donna\/red-wing-3365-iron-ranger-amber-harness\/\" \/>\n<meta property=\"og:site_name\" content=\"Corsi Shop\" \/>\n<meta property=\"article:publisher\" content=\"https:\/\/www.facebook.com\/Corsishop\" \/>\n<meta property=\"article:modified_time\" content=\"2024-03-13T10:31:00+00:00\" \/>\n<meta property=\"og:image\" content=\"https:\/\/corsishop.com\/wp-content\/uploads\/2018\/09\/Red-Wing-Iron-Ranger-amber-woman.jpg\" \/>\n\t<meta property=\"og:image:width\" content=\"1970\" \/>\n\t<meta property=\"og:image:height\" content=\"2592\" \/>\n\t<meta property=\"og:image:type\" content=\"image\/jpeg\" \/>\n<meta name=\"twitter:card\" content=\"summary_large_image\" \/>\n<script type=\"application\/ld+json\" class=\"yoast-schema-graph\">{\"@context\":\"https:\/\/schema.org\",\"@graph\":[{\"@type\":\"WebPage\",\"@id\":\"https:\/\/corsishop.com\/it\/scarpe-donna\/red-wing-3365-iron-ranger-amber-harness\/\",\"url\":\"https:\/\/corsishop.com\/it\/scarpe-donna\/red-wing-3365-iron-ranger-amber-harness\/\",\"name\":\"Red Wing 3365 Iron Ranger Amber Harness: Red Wing Shoes Donna\",\"isPartOf\":{\"@id\":\"https:\/\/corsishop.com\/#website\"},\"datePublished\":\"2018-09-04T10:58:28+00:00\",\"dateModified\":\"2024-03-13T10:31:00+00:00\",\"description\":\"Red Wing 3365 Iron Ranger Amber Harness, \u20ac 319,00. -10% Sconto Newsletter. Spedizione Standard Gratuita. Guarda la collezione su www.corsishop.com\",\"breadcrumb\":{\"@id\":\"https:\/\/corsishop.com\/it\/scarpe-donna\/red-wing-3365-iron-ranger-amber-harness\/#breadcrumb\"},\"inLanguage\":\"en-US\",\"potentialAction\":[{\"@type\":\"ReadAction\",\"target\":[\"https:\/\/corsishop.com\/it\/scarpe-donna\/red-wing-3365-iron-ranger-amber-harness\/\"]}]},{\"@type\":\"BreadcrumbList\",\"@id\":\"https:\/\/corsishop.com\/it\/scarpe-donna\/red-wing-3365-iron-ranger-amber-harness\/#breadcrumb\",\"itemListElement\":[{\"@type\":\"ListItem\",\"position\":1,\"name\":\"Home\",\"item\":\"https:\/\/corsishop.com\/\"},{\"@type\":\"ListItem\",\"position\":2,\"name\":\"Shop\",\"item\":\"https:\/\/corsishop.com\/shop\/\"},{\"@type\":\"ListItem\",\"position\":3,\"name\":\"Red Wing 3365 Iron Ranger Amber Harness\"}]},{\"@type\":\"WebSite\",\"@id\":\"https:\/\/corsishop.com\/#website\",\"url\":\"https:\/\/corsishop.com\/\",\"name\":\"Corsi Shop\",\"description\":\"Vendita di Scarpe, accessori e abbigliamento dal 1948\",\"publisher\":{\"@id\":\"https:\/\/corsishop.com\/#organization\"},\"potentialAction\":[{\"@type\":\"SearchAction\",\"target\":{\"@type\":\"EntryPoint\",\"urlTemplate\":\"https:\/\/corsishop.com\/?s={search_term_string}\"},\"query-input\":\"required name=search_term_string\"}],\"inLanguage\":\"en-US\"},{\"@type\":\"Organization\",\"@id\":\"https:\/\/corsishop.com\/#organization\",\"name\":\"Corsi Shop\",\"url\":\"https:\/\/corsishop.com\/\",\"logo\":{\"@type\":\"ImageObject\",\"inLanguage\":\"en-US\",\"@id\":\"https:\/\/corsishop.com\/#\/schema\/logo\/image\/\",\"url\":\"https:\/\/corsishop.com\/wp-content\/uploads\/2020\/04\/logo.png\",\"contentUrl\":\"https:\/\/corsishop.com\/wp-content\/uploads\/2020\/04\/logo.png\",\"width\":376,\"height\":106,\"caption\":\"Corsi Shop\"},\"image\":{\"@id\":\"https:\/\/corsishop.com\/#\/schema\/logo\/image\/\"},\"sameAs\":[\"https:\/\/www.facebook.com\/Corsishop\"]}]}<\/script>\n<!-- \/ Yoast SEO plugin. -->","yoast_head_json":{"title":"Red Wing 3365 Iron Ranger Amber Harness: Red Wing Shoes Donna","description":"Red Wing 3365 Iron Ranger Amber Harness, \u20ac 319,00. -10% Sconto Newsletter. Spedizione Standard Gratuita. Guarda la collezione su www.corsishop.com","robots":{"index":"index","follow":"follow","max-snippet":"max-snippet:-1","max-image-preview":"max-image-preview:large","max-video-preview":"max-video-preview:-1"},"canonical":"https:\/\/corsishop.com\/en\/scarpe-donna\/red-wing-3365-iron-ranger-amber-harness\/","og_locale":"en_US","og_type":"article","og_title":"Red Wing 3365 Iron Ranger Amber Harness: Red Wing Shoes Donna","og_description":"Red Wing 3365 Iron Ranger Amber Harness, \u20ac 319,00. -10% Sconto Newsletter. Spedizione Standard Gratuita. Guarda la collezione su www.corsishop.com","og_url":"https:\/\/corsishop.com\/it\/scarpe-donna\/red-wing-3365-iron-ranger-amber-harness\/","og_site_name":"Corsi Shop","article_publisher":"https:\/\/www.facebook.com\/Corsishop","article_modified_time":"2024-03-13T10:31:00+00:00","og_image":[{"width":1970,"height":2592,"url":"https:\/\/corsishop.com\/wp-content\/uploads\/2018\/09\/Red-Wing-Iron-Ranger-amber-woman.jpg","type":"image\/jpeg"}],"twitter_card":"summary_large_image","schema":{"@context":"https:\/\/schema.org","@graph":[{"@type":"WebPage","@id":"https:\/\/corsishop.com\/it\/scarpe-donna\/red-wing-3365-iron-ranger-amber-harness\/","url":"https:\/\/corsishop.com\/it\/scarpe-donna\/red-wing-3365-iron-ranger-amber-harness\/","name":"Red Wing 3365 Iron Ranger Amber Harness: Red Wing Shoes Donna","isPartOf":{"@id":"https:\/\/corsishop.com\/#website"},"datePublished":"2018-09-04T10:58:28+00:00","dateModified":"2024-03-13T10:31:00+00:00","description":"Red Wing 3365 Iron Ranger Amber Harness, \u20ac 319,00. -10% Sconto Newsletter. Spedizione Standard Gratuita. Guarda la collezione su www.corsishop.com","breadcrumb":{"@id":"https:\/\/corsishop.com\/it\/scarpe-donna\/red-wing-3365-iron-ranger-amber-harness\/#breadcrumb"},"inLanguage":"en-US","potentialAction":[{"@type":"ReadAction","target":["https:\/\/corsishop.com\/it\/scarpe-donna\/red-wing-3365-iron-ranger-amber-harness\/"]}]},{"@type":"BreadcrumbList","@id":"https:\/\/corsishop.com\/it\/scarpe-donna\/red-wing-3365-iron-ranger-amber-harness\/#breadcrumb","itemListElement":[{"@type":"ListItem","position":1,"name":"Home","item":"https:\/\/corsishop.com\/"},{"@type":"ListItem","position":2,"name":"Shop","item":"https:\/\/corsishop.com\/shop\/"},{"@type":"ListItem","position":3,"name":"Red Wing 3365 Iron Ranger Amber Harness"}]},{"@type":"WebSite","@id":"https:\/\/corsishop.com\/#website","url":"https:\/\/corsishop.com\/","name":"Corsi Shop","description":"Vendita di Scarpe, accessori e abbigliamento dal 1948","publisher":{"@id":"https:\/\/corsishop.com\/#organization"},"potentialAction":[{"@type":"SearchAction","target":{"@type":"EntryPoint","urlTemplate":"https:\/\/corsishop.com\/?s={search_term_string}"},"query-input":"required name=search_term_string"}],"inLanguage":"en-US"},{"@type":"Organization","@id":"https:\/\/corsishop.com\/#organization","name":"Corsi Shop","url":"https:\/\/corsishop.com\/","logo":{"@type":"ImageObject","inLanguage":"en-US","@id":"https:\/\/corsishop.com\/#\/schema\/logo\/image\/","url":"https:\/\/corsishop.com\/wp-content\/uploads\/2020\/04\/logo.png","contentUrl":"https:\/\/corsishop.com\/wp-content\/uploads\/2020\/04\/logo.png","width":376,"height":106,"caption":"Corsi Shop"},"image":{"@id":"https:\/\/corsishop.com\/#\/schema\/logo\/image\/"},"sameAs":["https:\/\/www.facebook.com\/Corsishop"]}]}},"brands":[{"id":268,"name":"Red Wing","slug":"red-wing"}],"_links":{"self":[{"href":"https:\/\/corsishop.com\/en\/wp-json\/wp\/v3\/product\/29002"}],"collection":[{"href":"https:\/\/corsishop.com\/en\/wp-json\/wp\/v3\/product"}],"about":[{"href":"https:\/\/corsishop.com\/en\/wp-json\/wp\/v2\/types\/product"}],"wp:featuredmedia":[{"embeddable":true,"href":"https:\/\/corsishop.com\/en\/wp-json\/wp\/v2\/media\/31573"}],"wp:attachment":[{"href":"https:\/\/corsishop.com\/en\/wp-json\/wp\/v2\/media?parent=29002"}],"wp:term":[{"taxonomy":"pwb-brand","embeddable":true,"href":"https:\/\/corsishop.com\/en\/wp-json\/wp\/v2\/pwb-brand?post=29002"},{"taxonomy":"product_cat","embeddable":true,"href":"https:\/\/corsishop.com\/en\/wp-json\/wp\/v2\/product_cat?post=29002"},{"taxonomy":"product_tag","embeddable":true,"href":"https:\/\/corsishop.com\/en\/wp-json\/wp\/v2\/product_tag?post=29002"}],"curies":[{"name":"wp","href":"https:\/\/api.w.org\/{rel}","templated":true}]}}